{"id":43923,"date":"2026-01-27T20:16:11","date_gmt":"2026-01-27T20:16:11","guid":{"rendered":"https:\/\/www.deporteseli.com\/?product=camisa-reebok-100216519"},"modified":"2026-03-07T06:09:03","modified_gmt":"2026-03-07T06:09:03","slug":"camisa-reebok-100216519","status":"publish","type":"product","link":"https:\/\/www.deporteseli.com\/?product=camisa-reebok-100216519","title":{"rendered":"CAMISA REEBOK 100216519"},"content":{"rendered":"<p>Camiseta de entrenamiento de manga corta para hombre confeccionada en tejido jersey ligero, para brindar comodidad, facilidad de movimiento y estilo durante el ejercicio.      Caracter\u00edsticas  Corte regular  Escote redondo  Composici\u00f3n: 100% poli\u00e9ster                                                                                                                                                                                                                                                                                                                                                                                                                                                                                                                                                                                                                                                                                                                                                                                                                                                                                                                                                                                                                                        <\/p>\n","protected":false},"excerpt":{"rendered":"<p>CAMISA REEBOK 100216519<\/p>\n","protected":false},"featured_media":57240,"template":"","meta":[],"product_brand":[],"product_cat":[245],"product_tag":[41],"class_list":{"0":"post-43923","1":"product","2":"type-product","3":"status-publish","4":"has-post-thumbnail","6":"product_cat-hombre_textil_camisetas","7":"product_tag-reebok","8":"pa_color-unico","9":"pa_talla-l","10":"pa_talla-m","11":"pa_talla-xl","12":"thunk-woo-product-list","13":"opn-qv-enable","14":"open-woo-hover-","15":"open-single-product-tab-horizontal","16":"open-shadow-","17":"open-shadow-hover-","19":"first","20":"instock","21":"shipping-taxable","22":"purchasable","23":"product-type-variable"},"jetpack_sharing_enabled":true,"_links":{"self":[{"href":"https:\/\/www.deporteseli.com\/index.php?rest_route=\/wp\/v2\/product\/43923","targetHints":{"allow":["GET"]}}],"collection":[{"href":"https:\/\/www.deporteseli.com\/index.php?rest_route=\/wp\/v2\/product"}],"about":[{"href":"https:\/\/www.deporteseli.com\/index.php?rest_route=\/wp\/v2\/types\/product"}],"wp:featuredmedia":[{"embeddable":true,"href":"https:\/\/www.deporteseli.com\/index.php?rest_route=\/wp\/v2\/media\/57240"}],"wp:attachment":[{"href":"https:\/\/www.deporteseli.com\/index.php?rest_route=%2Fwp%2Fv2%2Fmedia&parent=43923"}],"wp:term":[{"taxonomy":"product_brand","embeddable":true,"href":"https:\/\/www.deporteseli.com\/index.php?rest_route=%2Fwp%2Fv2%2Fproduct_brand&post=43923"},{"taxonomy":"product_cat","embeddable":true,"href":"https:\/\/www.deporteseli.com\/index.php?rest_route=%2Fwp%2Fv2%2Fproduct_cat&post=43923"},{"taxonomy":"product_tag","embeddable":true,"href":"https:\/\/www.deporteseli.com\/index.php?rest_route=%2Fwp%2Fv2%2Fproduct_tag&post=43923"}],"curies":[{"name":"wp","href":"https:\/\/api.w.org\/{rel}","templated":true}]}}