{"id":43914,"date":"2026-01-27T20:15:57","date_gmt":"2026-01-27T20:15:57","guid":{"rendered":"https:\/\/www.deporteseli.com\/?product=tenis-reebok-100222890"},"modified":"2026-04-09T04:17:35","modified_gmt":"2026-04-09T04:17:35","slug":"tenis-reebok-100222890","status":"publish","type":"product","link":"https:\/\/www.deporteseli.com\/?product=tenis-reebok-100222890","title":{"rendered":"TENIS REEBOK 100222890"},"content":{"rendered":"<p>Descripci\u00f3n  Eleva tu estilo diario con las Zapatillas  REEBOK Royal Glide 100222890 en color negro. Estas zapatillas de corte bajo te proporcionar\u00e1n un look casual y elegante a la vez, perfectas para cualquier ocasi\u00f3n. Su cierre con cordones garantiza un ajuste seguro y c\u00f3modo. Hechas con polipiel en el exterior y material textil en el interior, te proporcionar\u00e1n comodidad y una gran durabilidad. Su composici\u00f3n de suela sint\u00e9tica proporciona una gran tracci\u00f3n, haci\u00e9ndolas perfectas para el uso diario. Luce tu estilo sneaker a la vez que disfrutas de las ventajas de los productos REEBOK.                                                                                                                                                                                                                                                                                                                                                                                                                                                                                                                                                                                                                                                                                                                                                                                                                                                                                                                                                                                                                                        <\/p>\n","protected":false},"excerpt":{"rendered":"<p>TENIS REEBOK 100222890<\/p>\n","protected":false},"featured_media":57237,"template":"","meta":[],"product_brand":[],"product_cat":[310],"product_tag":[41],"class_list":{"0":"post-43914","1":"product","2":"type-product","3":"status-publish","4":"has-post-thumbnail","6":"product_cat-nino_calzado_casual","7":"product_tag-reebok","8":"pa_color-unico","9":"pa_talla-34-5","10":"pa_talla-139","11":"pa_talla-141","12":"pa_talla-36-5","13":"pa_talla-143","14":"pa_talla-145","15":"pa_talla-38-5","16":"pa_talla-147","17":"thunk-woo-product-list","18":"opn-qv-enable","19":"open-woo-hover-","20":"open-single-product-tab-horizontal","21":"open-shadow-","22":"open-shadow-hover-","24":"first","25":"instock","26":"sale","27":"shipping-taxable","28":"purchasable","29":"product-type-variable"},"jetpack_sharing_enabled":true,"_links":{"self":[{"href":"https:\/\/www.deporteseli.com\/index.php?rest_route=\/wp\/v2\/product\/43914","targetHints":{"allow":["GET"]}}],"collection":[{"href":"https:\/\/www.deporteseli.com\/index.php?rest_route=\/wp\/v2\/product"}],"about":[{"href":"https:\/\/www.deporteseli.com\/index.php?rest_route=\/wp\/v2\/types\/product"}],"wp:featuredmedia":[{"embeddable":true,"href":"https:\/\/www.deporteseli.com\/index.php?rest_route=\/wp\/v2\/media\/57237"}],"wp:attachment":[{"href":"https:\/\/www.deporteseli.com\/index.php?rest_route=%2Fwp%2Fv2%2Fmedia&parent=43914"}],"wp:term":[{"taxonomy":"product_brand","embeddable":true,"href":"https:\/\/www.deporteseli.com\/index.php?rest_route=%2Fwp%2Fv2%2Fproduct_brand&post=43914"},{"taxonomy":"product_cat","embeddable":true,"href":"https:\/\/www.deporteseli.com\/index.php?rest_route=%2Fwp%2Fv2%2Fproduct_cat&post=43914"},{"taxonomy":"product_tag","embeddable":true,"href":"https:\/\/www.deporteseli.com\/index.php?rest_route=%2Fwp%2Fv2%2Fproduct_tag&post=43914"}],"curies":[{"name":"wp","href":"https:\/\/api.w.org\/{rel}","templated":true}]}}