{"id":43910,"date":"2026-01-27T20:15:52","date_gmt":"2026-01-27T20:15:52","guid":{"rendered":"https:\/\/www.deporteseli.com\/?product=camisa-reebok-100070678"},"modified":"2026-03-07T06:08:59","modified_gmt":"2026-03-07T06:08:59","slug":"camisa-reebok-100070678","status":"publish","type":"product","link":"https:\/\/www.deporteseli.com\/?product=camisa-reebok-100070678","title":{"rendered":"CAMISA REEBOK 100070678"},"content":{"rendered":"<p>CAMISETA CON LOGOTIPO EN EL PECHO DE REEBOK PARA HOMBRE  Camiseta con logotipo en el pecho de Reebok para hombre    A veces es mejor elegir una opci\u00f3n minimalista. Esta camiseta Reebok para hombre es f\u00e1cil de hacer y presenta un patr\u00f3n sofisticado en el pecho que a\u00f1ade un toque deportivo a cualquier look. Est\u00e1 confeccionado en jersey de algod\u00f3n suave, por lo que es f\u00e1cil de llevar y c\u00f3modo.    Corte cl\u00e1sico  Material: tejido de punto liso fino  Composici\u00f3n del material: 100% algod\u00f3n                                                                                                                                                                                                                                                                                                                                                                                                                                                                                                                                                                                                                                                                                                                                                                                                                                                                                                                                                                                                                                        <\/p>\n","protected":false},"excerpt":{"rendered":"<p>CAMISA REEBOK 100070678<\/p>\n","protected":false},"featured_media":57234,"template":"","meta":[],"product_brand":[],"product_cat":[245],"product_tag":[41],"class_list":{"0":"post-43910","1":"product","2":"type-product","3":"status-publish","4":"has-post-thumbnail","6":"product_cat-hombre_textil_camisetas","7":"product_tag-reebok","8":"pa_color-unico","9":"pa_talla-l","10":"pa_talla-m","11":"pa_talla-s","12":"thunk-woo-product-list","13":"opn-qv-enable","14":"open-woo-hover-","15":"open-single-product-tab-horizontal","16":"open-shadow-","17":"open-shadow-hover-","19":"first","20":"instock","21":"shipping-taxable","22":"purchasable","23":"product-type-variable"},"jetpack_sharing_enabled":true,"_links":{"self":[{"href":"https:\/\/www.deporteseli.com\/index.php?rest_route=\/wp\/v2\/product\/43910","targetHints":{"allow":["GET"]}}],"collection":[{"href":"https:\/\/www.deporteseli.com\/index.php?rest_route=\/wp\/v2\/product"}],"about":[{"href":"https:\/\/www.deporteseli.com\/index.php?rest_route=\/wp\/v2\/types\/product"}],"wp:featuredmedia":[{"embeddable":true,"href":"https:\/\/www.deporteseli.com\/index.php?rest_route=\/wp\/v2\/media\/57234"}],"wp:attachment":[{"href":"https:\/\/www.deporteseli.com\/index.php?rest_route=%2Fwp%2Fv2%2Fmedia&parent=43910"}],"wp:term":[{"taxonomy":"product_brand","embeddable":true,"href":"https:\/\/www.deporteseli.com\/index.php?rest_route=%2Fwp%2Fv2%2Fproduct_brand&post=43910"},{"taxonomy":"product_cat","embeddable":true,"href":"https:\/\/www.deporteseli.com\/index.php?rest_route=%2Fwp%2Fv2%2Fproduct_cat&post=43910"},{"taxonomy":"product_tag","embeddable":true,"href":"https:\/\/www.deporteseli.com\/index.php?rest_route=%2Fwp%2Fv2%2Fproduct_tag&post=43910"}],"curies":[{"name":"wp","href":"https:\/\/api.w.org\/{rel}","templated":true}]}}