{"id":43897,"date":"2026-01-27T20:15:34","date_gmt":"2026-01-27T20:15:34","guid":{"rendered":"https:\/\/www.deporteseli.com\/?product=camiseta-essentials-de-punto-sencillo-con-3-r"},"modified":"2026-03-07T06:08:46","modified_gmt":"2026-03-07T06:08:46","slug":"camiseta-essentials-de-punto-sencillo-con-3-r","status":"publish","type":"product","link":"https:\/\/www.deporteseli.com\/?product=camiseta-essentials-de-punto-sencillo-con-3-r","title":{"rendered":"CAMISETA ESSENTIALS DE PUNTO SENCILLO CON 3 R"},"content":{"rendered":"<p>CAMISETA ESSENTIALS DE PUNTO SENCILLO CON 3 RAYAS  UNA CAMISETA VERS\u00c1TIL CON UN DISE\u00d1O DEPORTIVO.  Ya sea que tu d\u00eda requiera comodidad o estilo, esta camiseta adidas te ofrece ambas cosas. El tejido de punto suave te mantiene abrigado mientras que las ic\u00f3nicas 3 rayas y el logotipo bordado muestran tu lado deportivo. Comb\u00ednala con jeans, pantalones deportivos o pantalones cargo: no puedes equivocarte sin importar c\u00f3mo la uses.                                                                                                                                                                                                                                                                                                                                                                                                                                                                                                                                                                                                                                                                                                                                                                                                                                                                                                                                                                                                                                        <\/p>\n","protected":false},"excerpt":{"rendered":"<p>CAMISETA ESSENTIALS DE PUNTO SENCILLO CON 3 R<\/p>\n","protected":false},"featured_media":57229,"template":"","meta":[],"product_brand":[],"product_cat":[245],"product_tag":[18],"class_list":{"0":"post-43897","1":"product","2":"type-product","3":"status-publish","4":"has-post-thumbnail","6":"product_cat-hombre_textil_camisetas","7":"product_tag-adidas","8":"pa_color-unico","9":"pa_talla-l","10":"pa_talla-s","11":"pa_talla-xl","12":"thunk-woo-product-list","13":"opn-qv-enable","14":"open-woo-hover-","15":"open-single-product-tab-horizontal","16":"open-shadow-","17":"open-shadow-hover-","19":"first","20":"instock","21":"shipping-taxable","22":"purchasable","23":"product-type-variable"},"jetpack_sharing_enabled":true,"_links":{"self":[{"href":"https:\/\/www.deporteseli.com\/index.php?rest_route=\/wp\/v2\/product\/43897","targetHints":{"allow":["GET"]}}],"collection":[{"href":"https:\/\/www.deporteseli.com\/index.php?rest_route=\/wp\/v2\/product"}],"about":[{"href":"https:\/\/www.deporteseli.com\/index.php?rest_route=\/wp\/v2\/types\/product"}],"wp:featuredmedia":[{"embeddable":true,"href":"https:\/\/www.deporteseli.com\/index.php?rest_route=\/wp\/v2\/media\/57229"}],"wp:attachment":[{"href":"https:\/\/www.deporteseli.com\/index.php?rest_route=%2Fwp%2Fv2%2Fmedia&parent=43897"}],"wp:term":[{"taxonomy":"product_brand","embeddable":true,"href":"https:\/\/www.deporteseli.com\/index.php?rest_route=%2Fwp%2Fv2%2Fproduct_brand&post=43897"},{"taxonomy":"product_cat","embeddable":true,"href":"https:\/\/www.deporteseli.com\/index.php?rest_route=%2Fwp%2Fv2%2Fproduct_cat&post=43897"},{"taxonomy":"product_tag","embeddable":true,"href":"https:\/\/www.deporteseli.com\/index.php?rest_route=%2Fwp%2Fv2%2Fproduct_tag&post=43897"}],"curies":[{"name":"wp","href":"https:\/\/api.w.org\/{rel}","templated":true}]}}