{"id":43890,"date":"2026-01-27T20:15:24","date_gmt":"2026-01-27T20:15:24","guid":{"rendered":"https:\/\/www.deporteseli.com\/?product=banador-adidas-jg5818"},"modified":"2026-04-18T04:18:39","modified_gmt":"2026-04-18T04:18:39","slug":"banador-adidas-jg5818","status":"publish","type":"product","link":"https:\/\/www.deporteseli.com\/?product=banador-adidas-jg5818","title":{"rendered":"BA\u00f1ADOR ADIDAS JG5818"},"content":{"rendered":"<p>DESCRIPCI\u00d3N  Presume de estilo en la piscina con este ba\u00f1ador adidas. Las cl\u00e1sicas 3 bandas en la parte frontal demuestran tu pasi\u00f3n por el deporte. Se ha confeccionado en un tejido el\u00e1stico y resistente al cloro que te proporciona una total libertad de movimiento.  Este producto contiene al menos un 70% de materiales reciclados. Utilizando materiales reciclados, reducimos los residuos, nuestra dependencia de los recursos finitos y la huella que generan los productos que fabricamos.                                                                                                                                                                                                                                                                                                                                                                                                                                                                                                                                                                                                                                                                                                                                                                                                                                                                                                                                                                                                                                        <\/p>\n","protected":false},"excerpt":{"rendered":"<p>BA\u00f1ADOR ADIDAS JG5818<\/p>\n","protected":false},"featured_media":57223,"template":"","meta":[],"product_brand":[],"product_cat":[270],"product_tag":[18],"class_list":{"0":"post-43890","1":"product","2":"type-product","3":"status-publish","4":"has-post-thumbnail","6":"product_cat-mujer_textil_banadores","7":"product_tag-adidas","8":"pa_color-unico","9":"pa_talla-141","10":"pa_talla-145","11":"pa_talla-149","12":"pa_talla-153","13":"thunk-woo-product-list","14":"opn-qv-enable","15":"open-woo-hover-","16":"open-single-product-tab-horizontal","17":"open-shadow-","18":"open-shadow-hover-","20":"first","21":"instock","22":"shipping-taxable","23":"purchasable","24":"product-type-variable"},"jetpack_sharing_enabled":true,"_links":{"self":[{"href":"https:\/\/www.deporteseli.com\/index.php?rest_route=\/wp\/v2\/product\/43890","targetHints":{"allow":["GET"]}}],"collection":[{"href":"https:\/\/www.deporteseli.com\/index.php?rest_route=\/wp\/v2\/product"}],"about":[{"href":"https:\/\/www.deporteseli.com\/index.php?rest_route=\/wp\/v2\/types\/product"}],"wp:featuredmedia":[{"embeddable":true,"href":"https:\/\/www.deporteseli.com\/index.php?rest_route=\/wp\/v2\/media\/57223"}],"wp:attachment":[{"href":"https:\/\/www.deporteseli.com\/index.php?rest_route=%2Fwp%2Fv2%2Fmedia&parent=43890"}],"wp:term":[{"taxonomy":"product_brand","embeddable":true,"href":"https:\/\/www.deporteseli.com\/index.php?rest_route=%2Fwp%2Fv2%2Fproduct_brand&post=43890"},{"taxonomy":"product_cat","embeddable":true,"href":"https:\/\/www.deporteseli.com\/index.php?rest_route=%2Fwp%2Fv2%2Fproduct_cat&post=43890"},{"taxonomy":"product_tag","embeddable":true,"href":"https:\/\/www.deporteseli.com\/index.php?rest_route=%2Fwp%2Fv2%2Fproduct_tag&post=43890"}],"curies":[{"name":"wp","href":"https:\/\/api.w.org\/{rel}","templated":true}]}}