{"id":43759,"date":"2026-01-27T20:12:26","date_gmt":"2026-01-27T20:12:26","guid":{"rendered":"https:\/\/www.deporteseli.com\/?product=camiseta-bullpadel-beque-blanco"},"modified":"2026-03-07T06:07:46","modified_gmt":"2026-03-07T06:07:46","slug":"camiseta-bullpadel-beque-blanco","status":"publish","type":"product","link":"https:\/\/www.deporteseli.com\/?product=camiseta-bullpadel-beque-blanco","title":{"rendered":"CAMISETA BULLPADEL BEQUE BLANCO"},"content":{"rendered":"<p>Camiseta t\u00e9cnica de intelock con dise\u00f1o atractivo estampado en el delantero y un detalle a contraste en el cuello.  Fabricada con tejido ultraligero en poli\u00e9ster con efecto Ribstop. Se le aplica el acabado Quickerdry, tecnolog\u00eda que utiliza microfilamentos para reducir la humedad y ayudar a la transpiraci\u00f3n.    100% POLIESTER, INTERLOCK RIPSTOP                                                                                                                                                                                                                                                                                                                                                                                                                                                                                                                                                                                                                                                                                                                                                                                                                                                                                                                                                                                                                                        <\/p>\n","protected":false},"excerpt":{"rendered":"<p>CAMISETA BULLPADEL BEQUE BLANCO<\/p>\n","protected":false},"featured_media":57167,"template":"","meta":[],"product_brand":[],"product_cat":[364],"product_tag":[21],"class_list":{"0":"post-43759","1":"product","2":"type-product","3":"status-publish","4":"has-post-thumbnail","6":"product_cat-padel_y_tenis_textil_camisas","7":"product_tag-bull_padel","8":"pa_color-blanco","9":"pa_color-unico","10":"pa_talla-l","11":"pa_talla-m","12":"pa_talla-s","13":"thunk-woo-product-list","14":"opn-qv-enable","15":"open-woo-hover-","16":"open-single-product-tab-horizontal","17":"open-shadow-","18":"open-shadow-hover-","20":"first","21":"instock","22":"shipping-taxable","23":"purchasable","24":"product-type-variable"},"jetpack_sharing_enabled":true,"_links":{"self":[{"href":"https:\/\/www.deporteseli.com\/index.php?rest_route=\/wp\/v2\/product\/43759","targetHints":{"allow":["GET"]}}],"collection":[{"href":"https:\/\/www.deporteseli.com\/index.php?rest_route=\/wp\/v2\/product"}],"about":[{"href":"https:\/\/www.deporteseli.com\/index.php?rest_route=\/wp\/v2\/types\/product"}],"wp:featuredmedia":[{"embeddable":true,"href":"https:\/\/www.deporteseli.com\/index.php?rest_route=\/wp\/v2\/media\/57167"}],"wp:attachment":[{"href":"https:\/\/www.deporteseli.com\/index.php?rest_route=%2Fwp%2Fv2%2Fmedia&parent=43759"}],"wp:term":[{"taxonomy":"product_brand","embeddable":true,"href":"https:\/\/www.deporteseli.com\/index.php?rest_route=%2Fwp%2Fv2%2Fproduct_brand&post=43759"},{"taxonomy":"product_cat","embeddable":true,"href":"https:\/\/www.deporteseli.com\/index.php?rest_route=%2Fwp%2Fv2%2Fproduct_cat&post=43759"},{"taxonomy":"product_tag","embeddable":true,"href":"https:\/\/www.deporteseli.com\/index.php?rest_route=%2Fwp%2Fv2%2Fproduct_tag&post=43759"}],"curies":[{"name":"wp","href":"https:\/\/api.w.org\/{rel}","templated":true}]}}