{"id":43748,"date":"2026-01-27T20:12:12","date_gmt":"2026-01-27T20:12:12","guid":{"rendered":"https:\/\/www.deporteseli.com\/?product=short-bullpadel-batio-azul-marino"},"modified":"2026-03-07T06:07:32","modified_gmt":"2026-03-07T06:07:32","slug":"short-bullpadel-batio-azul-marino","status":"publish","type":"product","link":"https:\/\/www.deporteseli.com\/?product=short-bullpadel-batio-azul-marino","title":{"rendered":"SHORT BULLPADEL BATIO AZUL MARINO"},"content":{"rendered":"<p>Comodidad y rendimiento con el Short Bullpadel Batio, dise\u00f1ado para jugadores exigentes.    Este short de 42 cm est\u00e1 confeccionado en tejido ligero de poli\u00e9ster con efecto Fake Mesh, proporcionando una excelente transpirabilidad y libertad de movimiento. Incorpora la innovadora tecnolog\u00eda Quickerdry, que ayuda a reducir la humedad y facilita la transpiraci\u00f3n, manteni\u00e9ndote seco y c\u00f3modo en todo momento.    Su dise\u00f1o incluye una cinturilla el\u00e1stica con cord\u00f3n ajustable para un ajuste personalizado, bolsillos laterales pr\u00e1cticos y un braguero interior para mayor comodidad. Adem\u00e1s, cuenta con inserciones a contraste en los laterales, aportando un toque din\u00e1mico y moderno.    El Short Bullpadel Batio es la elecci\u00f3n perfecta para quienes buscan ligereza, transpirabilidad y estilo en la pista                                                                                                                                                                                                                                                                                                                                                                                                                                                                                                                                                                                                                                                                                                                                                                                                                                                                                                                                                                                                                                        <\/p>\n","protected":false},"excerpt":{"rendered":"<p>SHORT BULLPADEL BATIO AZUL MARINO<\/p>\n","protected":false},"featured_media":57148,"template":"","meta":[],"product_brand":[],"product_cat":[365],"product_tag":[21],"class_list":{"0":"post-43748","1":"product","2":"type-product","3":"status-publish","4":"has-post-thumbnail","6":"product_cat-padel_y_tenis_textil_shorts","7":"product_tag-bull_padel","8":"pa_color-unico","9":"pa_talla-l","10":"thunk-woo-product-list","11":"opn-qv-enable","12":"open-woo-hover-","13":"open-single-product-tab-horizontal","14":"open-shadow-","15":"open-shadow-hover-","17":"first","18":"instock","19":"shipping-taxable","20":"purchasable","21":"product-type-variable"},"jetpack_sharing_enabled":true,"_links":{"self":[{"href":"https:\/\/www.deporteseli.com\/index.php?rest_route=\/wp\/v2\/product\/43748","targetHints":{"allow":["GET"]}}],"collection":[{"href":"https:\/\/www.deporteseli.com\/index.php?rest_route=\/wp\/v2\/product"}],"about":[{"href":"https:\/\/www.deporteseli.com\/index.php?rest_route=\/wp\/v2\/types\/product"}],"wp:featuredmedia":[{"embeddable":true,"href":"https:\/\/www.deporteseli.com\/index.php?rest_route=\/wp\/v2\/media\/57148"}],"wp:attachment":[{"href":"https:\/\/www.deporteseli.com\/index.php?rest_route=%2Fwp%2Fv2%2Fmedia&parent=43748"}],"wp:term":[{"taxonomy":"product_brand","embeddable":true,"href":"https:\/\/www.deporteseli.com\/index.php?rest_route=%2Fwp%2Fv2%2Fproduct_brand&post=43748"},{"taxonomy":"product_cat","embeddable":true,"href":"https:\/\/www.deporteseli.com\/index.php?rest_route=%2Fwp%2Fv2%2Fproduct_cat&post=43748"},{"taxonomy":"product_tag","embeddable":true,"href":"https:\/\/www.deporteseli.com\/index.php?rest_route=%2Fwp%2Fv2%2Fproduct_tag&post=43748"}],"curies":[{"name":"wp","href":"https:\/\/api.w.org\/{rel}","templated":true}]}}