{"id":43566,"date":"2026-01-27T20:08:30","date_gmt":"2026-01-27T20:08:30","guid":{"rendered":"https:\/\/www.deporteseli.com\/?product=tenis-wilson-wrs332840"},"modified":"2026-02-16T07:53:41","modified_gmt":"2026-02-16T07:53:41","slug":"tenis-wilson-wrs332840","status":"publish","type":"product","link":"https:\/\/www.deporteseli.com\/?product=tenis-wilson-wrs332840","title":{"rendered":"TENIS WILSON WRS332840"},"content":{"rendered":"<p>Descripci\u00f3n del Producto  ZAPATILLAS WILSON HURKAN PRO  Presentamos la Wilson Hurakn Pro , el calzado innovador para los jugadores de p\u00e1del m\u00e1s perfeccionistas . Dise\u00f1ados para llevar tu juego al siguiente nivel, estos zapatos brindan soporte esencial donde m\u00e1s lo necesitas: en tus pies. La suela, especialmente dise\u00f1ada para las exigencias del p\u00e1del, mejora la tracci\u00f3n en la pista y permite movimientos r\u00e1pidos y seguros. Adem\u00e1s, el dise\u00f1o interno tipo calcet\u00edn garantiza una firmeza excepcional durante cada movimiento, mejorando tu agilidad en el juego. La tecnolog\u00eda de soporte del arco es un componente clave que garantiza una velocidad y flexibilidad \u00f3ptimas , mientras que la plantilla Ortholite de alta densidad proporciona una comodidad superior y una mayor durabilidad. La entresuela est\u00e1 fabricada con EVA y materiales reciclados, lo que no solo mejora la respuesta del calzado sino que tambi\u00e9n promueve la conservaci\u00f3n del medio ambiente.                                                                                                                                                                                                                                                                                                                                                                                                                                                                                                                                                                                                                                                                                                                                                                                                                                                                                                                                                                                                                                        <\/p>\n","protected":false},"excerpt":{"rendered":"<p>TENIS WILSON WRS332840<\/p>\n","protected":false},"featured_media":57088,"template":"","meta":[],"product_brand":[],"product_cat":[371],"product_tag":[57],"class_list":{"0":"post-43566","1":"product","2":"type-product","3":"status-publish","4":"has-post-thumbnail","6":"product_cat-padel_y_tenis_calzado","7":"product_tag-wilson","8":"pa_color-unico","9":"pa_talla-41-5","10":"pa_talla-42-5","11":"pa_talla-43-5","12":"pa_talla-44-5","13":"pa_talla-163","14":"thunk-woo-product-list","15":"opn-qv-enable","16":"open-woo-hover-","17":"open-single-product-tab-horizontal","18":"open-shadow-","19":"open-shadow-hover-","21":"first","22":"instock","23":"sale","24":"shipping-taxable","25":"purchasable","26":"product-type-variable"},"jetpack_sharing_enabled":true,"_links":{"self":[{"href":"https:\/\/www.deporteseli.com\/index.php?rest_route=\/wp\/v2\/product\/43566","targetHints":{"allow":["GET"]}}],"collection":[{"href":"https:\/\/www.deporteseli.com\/index.php?rest_route=\/wp\/v2\/product"}],"about":[{"href":"https:\/\/www.deporteseli.com\/index.php?rest_route=\/wp\/v2\/types\/product"}],"wp:featuredmedia":[{"embeddable":true,"href":"https:\/\/www.deporteseli.com\/index.php?rest_route=\/wp\/v2\/media\/57088"}],"wp:attachment":[{"href":"https:\/\/www.deporteseli.com\/index.php?rest_route=%2Fwp%2Fv2%2Fmedia&parent=43566"}],"wp:term":[{"taxonomy":"product_brand","embeddable":true,"href":"https:\/\/www.deporteseli.com\/index.php?rest_route=%2Fwp%2Fv2%2Fproduct_brand&post=43566"},{"taxonomy":"product_cat","embeddable":true,"href":"https:\/\/www.deporteseli.com\/index.php?rest_route=%2Fwp%2Fv2%2Fproduct_cat&post=43566"},{"taxonomy":"product_tag","embeddable":true,"href":"https:\/\/www.deporteseli.com\/index.php?rest_route=%2Fwp%2Fv2%2Fproduct_tag&post=43566"}],"curies":[{"name":"wp","href":"https:\/\/api.w.org\/{rel}","templated":true}]}}