{"id":43553,"date":"2026-01-27T20:08:14","date_gmt":"2026-01-27T20:08:14","guid":{"rendered":"https:\/\/www.deporteseli.com\/?product=short-bullpadel-meta-negro"},"modified":"2026-03-07T06:07:19","modified_gmt":"2026-03-07T06:07:19","slug":"short-bullpadel-meta-negro","status":"publish","type":"product","link":"https:\/\/www.deporteseli.com\/?product=short-bullpadel-meta-negro","title":{"rendered":"SHORT BULLPADEL META NEGRO"},"content":{"rendered":"<p>Bermuda de 42 cm de largo, dise\u00f1ado con cinturilla el\u00e1stica con cord\u00f3n ajustable, bolsillos laterales y malla interior. Confeccionada en tejido a la plana de poli\u00e9ster el\u00e1stico en dos direcciones, con estampado decorativo.  Fabricado en tejido ligero y biel\u00e1stico de poli\u00e9ster, dota de comodidad, elasticidad y funcionalidad. Se le aplica la calidad Binamic se garantiza la flexibilidad y ligereza de un buen tejido biel\u00e1stico, proporcionando una gran libertad de movimiento en dos direcciones, integrando tambi\u00e9n el acabado de secado r\u00e1pido que utiliza los microfilamentos para reducir la humedad y ayudar a la transpiraci\u00f3n.    92% POLIESTER-8% ELASTAN, TWO WAY SPANDEX TAFFETA                                                                                                                                                                                                                                                                                                                                                                                                                                                                                                                                                                                                                                                                                                                                                                                                                                                                                                                                                                                                                                        <\/p>\n","protected":false},"excerpt":{"rendered":"<p>SHORT BULLPADEL META NEGRO<\/p>\n","protected":false},"featured_media":57069,"template":"","meta":[],"product_brand":[],"product_cat":[365],"product_tag":[21],"class_list":{"0":"post-43553","1":"product","2":"type-product","3":"status-publish","4":"has-post-thumbnail","6":"product_cat-padel_y_tenis_textil_shorts","7":"product_tag-bull_padel","8":"pa_color-unico","9":"pa_talla-l","10":"pa_talla-m","11":"pa_talla-s","12":"thunk-woo-product-list","13":"opn-qv-enable","14":"open-woo-hover-","15":"open-single-product-tab-horizontal","16":"open-shadow-","17":"open-shadow-hover-","19":"first","20":"instock","21":"shipping-taxable","22":"purchasable","23":"product-type-variable"},"jetpack_sharing_enabled":true,"_links":{"self":[{"href":"https:\/\/www.deporteseli.com\/index.php?rest_route=\/wp\/v2\/product\/43553","targetHints":{"allow":["GET"]}}],"collection":[{"href":"https:\/\/www.deporteseli.com\/index.php?rest_route=\/wp\/v2\/product"}],"about":[{"href":"https:\/\/www.deporteseli.com\/index.php?rest_route=\/wp\/v2\/types\/product"}],"wp:featuredmedia":[{"embeddable":true,"href":"https:\/\/www.deporteseli.com\/index.php?rest_route=\/wp\/v2\/media\/57069"}],"wp:attachment":[{"href":"https:\/\/www.deporteseli.com\/index.php?rest_route=%2Fwp%2Fv2%2Fmedia&parent=43553"}],"wp:term":[{"taxonomy":"product_brand","embeddable":true,"href":"https:\/\/www.deporteseli.com\/index.php?rest_route=%2Fwp%2Fv2%2Fproduct_brand&post=43553"},{"taxonomy":"product_cat","embeddable":true,"href":"https:\/\/www.deporteseli.com\/index.php?rest_route=%2Fwp%2Fv2%2Fproduct_cat&post=43553"},{"taxonomy":"product_tag","embeddable":true,"href":"https:\/\/www.deporteseli.com\/index.php?rest_route=%2Fwp%2Fv2%2Fproduct_tag&post=43553"}],"curies":[{"name":"wp","href":"https:\/\/api.w.org\/{rel}","templated":true}]}}