{"id":43548,"date":"2026-01-27T20:08:06","date_gmt":"2026-01-27T20:08:06","guid":{"rendered":"https:\/\/www.deporteseli.com\/?product=zapatilla-bullpadel-vertex-vibram-25v-gris-os"},"modified":"2026-01-27T20:08:08","modified_gmt":"2026-01-27T20:08:08","slug":"zapatilla-bullpadel-vertex-vibram-25v-gris-os","status":"publish","type":"product","link":"https:\/\/www.deporteseli.com\/?product=zapatilla-bullpadel-vertex-vibram-25v-gris-os","title":{"rendered":"ZAPATILLA BULLPADEL VERTEX VIBRAM 25V GRIS OS"},"content":{"rendered":"<p>Ser\u00e1 la zapatilla de nuestro jugador Juan Tello.    Su suela cuenta con un pat\u00edn h\u00edbrido, con una abrasi\u00f3n y amortiguaci\u00f3n garantizadas gracias su suela VIBRAM. Completar la explicaci\u00f3n de la suela con el sistema CATAPULT, pieza interior del midsole con la doble funci\u00f3n como estabilizador y dinamizador del impulso. Est\u00e1 recomendada para un uso intensivo gracias a su puntera de goma inyectada sin costuras que protege todo el lateral. Cuenta con una construcci\u00f3n y acolchado que nos da una protecci\u00f3n extra en el tal\u00f3n. Llevar\u00e1 plantilla ORTHOLITE                                                                                                                                                                                                                                                                                                                                                                                                                                                                                                                                                                                                                                                                                                                                                                                                                                                                                                                                                                                                                                        <\/p>\n","protected":false},"excerpt":{"rendered":"<p>ZAPATILLA BULLPADEL VERTEX VIBRAM 25V GRIS OS<\/p>\n","protected":false},"featured_media":57061,"template":"","meta":[],"product_brand":[],"product_cat":[371],"product_tag":[21],"class_list":{"0":"post-43548","1":"product","2":"type-product","3":"status-publish","4":"has-post-thumbnail","6":"product_cat-padel_y_tenis_calzado","7":"product_tag-bull_padel","8":"pa_color-unico","9":"pa_talla-157","10":"pa_talla-161","11":"thunk-woo-product-list","12":"opn-qv-enable","13":"open-woo-hover-","14":"open-single-product-tab-horizontal","15":"open-shadow-","16":"open-shadow-hover-","18":"first","19":"instock","20":"sale","21":"shipping-taxable","22":"purchasable","23":"product-type-variable"},"jetpack_sharing_enabled":true,"_links":{"self":[{"href":"https:\/\/www.deporteseli.com\/index.php?rest_route=\/wp\/v2\/product\/43548","targetHints":{"allow":["GET"]}}],"collection":[{"href":"https:\/\/www.deporteseli.com\/index.php?rest_route=\/wp\/v2\/product"}],"about":[{"href":"https:\/\/www.deporteseli.com\/index.php?rest_route=\/wp\/v2\/types\/product"}],"wp:featuredmedia":[{"embeddable":true,"href":"https:\/\/www.deporteseli.com\/index.php?rest_route=\/wp\/v2\/media\/57061"}],"wp:attachment":[{"href":"https:\/\/www.deporteseli.com\/index.php?rest_route=%2Fwp%2Fv2%2Fmedia&parent=43548"}],"wp:term":[{"taxonomy":"product_brand","embeddable":true,"href":"https:\/\/www.deporteseli.com\/index.php?rest_route=%2Fwp%2Fv2%2Fproduct_brand&post=43548"},{"taxonomy":"product_cat","embeddable":true,"href":"https:\/\/www.deporteseli.com\/index.php?rest_route=%2Fwp%2Fv2%2Fproduct_cat&post=43548"},{"taxonomy":"product_tag","embeddable":true,"href":"https:\/\/www.deporteseli.com\/index.php?rest_route=%2Fwp%2Fv2%2Fproduct_tag&post=43548"}],"curies":[{"name":"wp","href":"https:\/\/api.w.org\/{rel}","templated":true}]}}