{"id":43546,"date":"2026-01-27T20:08:03","date_gmt":"2026-01-27T20:08:03","guid":{"rendered":"https:\/\/www.deporteseli.com\/?product=chaqueta-own-the-run"},"modified":"2026-03-07T06:07:14","modified_gmt":"2026-03-07T06:07:14","slug":"chaqueta-own-the-run","status":"publish","type":"product","link":"https:\/\/www.deporteseli.com\/?product=chaqueta-own-the-run","title":{"rendered":"CHAQUETA OWN THE RUN"},"content":{"rendered":"<p>AVANZA A PESAR DEL VIENTO  No dejes que el mal tiempo arruine tus planes de entrenamiento. Ponte esta chaqueta de running adidas y sal a cumplir tus objetivos. Su tejido ligero se adapta a tu silueta favoreciendo la libertad de movimiento, mientras que la tecnolog\u00eda WIND.RDY te a\u00edsla del viento para que nada te distraiga. Los detalles reflectantes situados en zonas estrat\u00e9gicas te hacen m\u00e1s visible en condiciones de poca luz.  Corte entallado  Cierre de cremallera y capucha ajustable  100% poli\u00e9ster (reciclado)  VIENTO. RITMO  Bolsillo con cremallera en el pecho  Dobladillo ajustable  Detalles reflectantes  Color del art\u00edculo: Silver Green  N\u00famero de art\u00edculo: JD2239                                                                                                                                                                                                                                                                                                                                                                                                                                                                                                                                                                                                                                                                                                                                                                                                                                                                                                                                                                                                                                        <\/p>\n","protected":false},"excerpt":{"rendered":"<p>CHAQUETA OWN THE RUN<\/p>\n","protected":false},"featured_media":57057,"template":"","meta":[],"product_brand":[],"product_cat":[257],"product_tag":[18],"class_list":{"0":"post-43546","1":"product","2":"type-product","3":"status-publish","4":"has-post-thumbnail","6":"product_cat-hombre_textil_cortavientos","7":"product_tag-adidas","8":"pa_color-unico","9":"pa_talla-m","10":"thunk-woo-product-list","11":"opn-qv-enable","12":"open-woo-hover-","13":"open-single-product-tab-horizontal","14":"open-shadow-","15":"open-shadow-hover-","17":"first","18":"instock","19":"shipping-taxable","20":"purchasable","21":"product-type-variable"},"jetpack_sharing_enabled":true,"_links":{"self":[{"href":"https:\/\/www.deporteseli.com\/index.php?rest_route=\/wp\/v2\/product\/43546","targetHints":{"allow":["GET"]}}],"collection":[{"href":"https:\/\/www.deporteseli.com\/index.php?rest_route=\/wp\/v2\/product"}],"about":[{"href":"https:\/\/www.deporteseli.com\/index.php?rest_route=\/wp\/v2\/types\/product"}],"wp:featuredmedia":[{"embeddable":true,"href":"https:\/\/www.deporteseli.com\/index.php?rest_route=\/wp\/v2\/media\/57057"}],"wp:attachment":[{"href":"https:\/\/www.deporteseli.com\/index.php?rest_route=%2Fwp%2Fv2%2Fmedia&parent=43546"}],"wp:term":[{"taxonomy":"product_brand","embeddable":true,"href":"https:\/\/www.deporteseli.com\/index.php?rest_route=%2Fwp%2Fv2%2Fproduct_brand&post=43546"},{"taxonomy":"product_cat","embeddable":true,"href":"https:\/\/www.deporteseli.com\/index.php?rest_route=%2Fwp%2Fv2%2Fproduct_cat&post=43546"},{"taxonomy":"product_tag","embeddable":true,"href":"https:\/\/www.deporteseli.com\/index.php?rest_route=%2Fwp%2Fv2%2Fproduct_tag&post=43546"}],"curies":[{"name":"wp","href":"https:\/\/api.w.org\/{rel}","templated":true}]}}