{"id":43540,"date":"2026-01-27T20:07:54","date_gmt":"2026-01-27T20:07:54","guid":{"rendered":"https:\/\/www.deporteseli.com\/?product=falda-club-5"},"modified":"2026-03-15T05:19:00","modified_gmt":"2026-03-15T05:19:00","slug":"falda-club-5","status":"publish","type":"product","link":"https:\/\/www.deporteseli.com\/?product=falda-club-5","title":{"rendered":"FALDA CLUB"},"content":{"rendered":"<p>Encuentra todos tus art\u00edculos imprescindibles para el tenis en la colecci\u00f3n Club de adidas, que ofrece piezas funcionales y c\u00f3modas para jugar todos los d\u00edas. La falda Club de adidas presenta un corte regular, tecnolog\u00eda climacool, tejido de piqu\u00e9 de alto rendimiento, cinturilla suave y ancha, dobladillo curvo y pantalones cortos para pelotas incorporados. Fabricada en parte con materiales reciclados.    Adaptar:    Aumento: Promedio  Largo promedio de falda: 13\u201d  Entrepierna: 3\u201d  Ajuste general: semiajustado  Caracter\u00edsticas:    Ajuste ce\u00f1ido  Tecnolog\u00eda Climacool  Fabricaci\u00f3n de piqu\u00e9 de alto rendimiento  Cintura ancha y suave  Dobladillo curvo  Pantalones cortos con pelota incorporada  Fabricado en parte con materiales reciclados.  Tejido: 85 % poli\u00e9ster reciclado\/15 % elastano    Color: Negro                                                                                                                                                                                                                                                                                                                                                                                                                                                                                                                                                                                                                                                                                                                                                                                                                                                                                                                                                                                                                                        <\/p>\n","protected":false},"excerpt":{"rendered":"<p>FALDA CLUB<\/p>\n","protected":false},"featured_media":57053,"template":"","meta":[],"product_brand":[],"product_cat":[366],"product_tag":[18],"class_list":{"0":"post-43540","1":"product","2":"type-product","3":"status-publish","4":"has-post-thumbnail","6":"product_cat-padel_y_tenis_textil_faldas","7":"product_tag-adidas","8":"pa_color-unico","9":"pa_talla-l","10":"pa_talla-m","11":"pa_talla-s","12":"pa_talla-xl","13":"pa_talla-xs","14":"thunk-woo-product-list","15":"opn-qv-enable","16":"open-woo-hover-","17":"open-single-product-tab-horizontal","18":"open-shadow-","19":"open-shadow-hover-","21":"first","22":"instock","23":"shipping-taxable","24":"purchasable","25":"product-type-variable"},"jetpack_sharing_enabled":true,"_links":{"self":[{"href":"https:\/\/www.deporteseli.com\/index.php?rest_route=\/wp\/v2\/product\/43540","targetHints":{"allow":["GET"]}}],"collection":[{"href":"https:\/\/www.deporteseli.com\/index.php?rest_route=\/wp\/v2\/product"}],"about":[{"href":"https:\/\/www.deporteseli.com\/index.php?rest_route=\/wp\/v2\/types\/product"}],"wp:featuredmedia":[{"embeddable":true,"href":"https:\/\/www.deporteseli.com\/index.php?rest_route=\/wp\/v2\/media\/57053"}],"wp:attachment":[{"href":"https:\/\/www.deporteseli.com\/index.php?rest_route=%2Fwp%2Fv2%2Fmedia&parent=43540"}],"wp:term":[{"taxonomy":"product_brand","embeddable":true,"href":"https:\/\/www.deporteseli.com\/index.php?rest_route=%2Fwp%2Fv2%2Fproduct_brand&post=43540"},{"taxonomy":"product_cat","embeddable":true,"href":"https:\/\/www.deporteseli.com\/index.php?rest_route=%2Fwp%2Fv2%2Fproduct_cat&post=43540"},{"taxonomy":"product_tag","embeddable":true,"href":"https:\/\/www.deporteseli.com\/index.php?rest_route=%2Fwp%2Fv2%2Fproduct_tag&post=43540"}],"curies":[{"name":"wp","href":"https:\/\/api.w.org\/{rel}","templated":true}]}}