{"id":43535,"date":"2026-01-27T20:07:48","date_gmt":"2026-01-27T20:07:48","guid":{"rendered":"https:\/\/www.deporteseli.com\/?product=pantalon-corto-club-tennis-climacool"},"modified":"2026-03-28T05:19:38","modified_gmt":"2026-03-28T05:19:38","slug":"pantalon-corto-club-tennis-climacool","status":"publish","type":"product","link":"https:\/\/www.deporteseli.com\/?product=pantalon-corto-club-tennis-climacool","title":{"rendered":"PANTAL\u00f3N CORTO CLUB TENNIS CLIMACOOL"},"content":{"rendered":"<p>JUEGO, SET Y ESTILO  Destaca en la pista con el estilo inconfundible de adidas con este pantal\u00f3n corto de la colecci\u00f3n Club. Incorpora un refuerzo en la entrepierna que te brinda una total libertad de movimiento en cada esprint hacia la red y cada deslizamiento por la l\u00ednea de fondo. La tecnolog\u00eda CLIMACOOL aleja el sudor de la piel, manteni\u00e9ndola fresca y seca para minimizar las distracciones y optimizar tu rendimiento. Incluye bolsillos frontales espec\u00edficamente dise\u00f1ados para guardar las pelotas de tenis.    CLIMACOOL te ayuda a gestionar el sudor con materiales que expulsan la humedad r\u00e1pidamente. Sus fibras de secado r\u00e1pido te proporcionan una agradable sensaci\u00f3n de frescura.    Este producto se ha fabricado con un 100% de materiales reciclados. Utilizando materiales reciclados, reducimos los residuos, nuestra dependencia de los recursos finitos y la huella que generan los productos que fabricamos.  Corte cl\u00e1sico  Cintura el\u00e1stica con cord\u00f3n  100% poli\u00e9ster (reciclado)  CLIMACOOL  Bolsillos frontales  Refuerzo de malla en la entrepierna  Color del art\u00edculo: Black  N\u00famero de art\u00edculo: JF8499                                                                                                                                                                                                                                                                                                                                                                                                                                                                                                                                                                                                                                                                                                                                                                                                                                                                                                                                                                                                                                        <\/p>\n","protected":false},"excerpt":{"rendered":"<p>PANTAL\u00f3N CORTO CLUB TENNIS CLIMACOOL<\/p>\n","protected":false},"featured_media":57045,"template":"","meta":[],"product_brand":[],"product_cat":[365],"product_tag":[18],"class_list":{"0":"post-43535","1":"product","2":"type-product","3":"status-publish","4":"has-post-thumbnail","6":"product_cat-padel_y_tenis_textil_shorts","7":"product_tag-adidas","8":"pa_color-unico","9":"pa_talla-l","10":"pa_talla-m","11":"pa_talla-s","12":"pa_talla-xl","13":"pa_talla-xxl","14":"thunk-woo-product-list","15":"opn-qv-enable","16":"open-woo-hover-","17":"open-single-product-tab-horizontal","18":"open-shadow-","19":"open-shadow-hover-","21":"first","22":"instock","23":"shipping-taxable","24":"purchasable","25":"product-type-variable"},"jetpack_sharing_enabled":true,"_links":{"self":[{"href":"https:\/\/www.deporteseli.com\/index.php?rest_route=\/wp\/v2\/product\/43535","targetHints":{"allow":["GET"]}}],"collection":[{"href":"https:\/\/www.deporteseli.com\/index.php?rest_route=\/wp\/v2\/product"}],"about":[{"href":"https:\/\/www.deporteseli.com\/index.php?rest_route=\/wp\/v2\/types\/product"}],"wp:featuredmedia":[{"embeddable":true,"href":"https:\/\/www.deporteseli.com\/index.php?rest_route=\/wp\/v2\/media\/57045"}],"wp:attachment":[{"href":"https:\/\/www.deporteseli.com\/index.php?rest_route=%2Fwp%2Fv2%2Fmedia&parent=43535"}],"wp:term":[{"taxonomy":"product_brand","embeddable":true,"href":"https:\/\/www.deporteseli.com\/index.php?rest_route=%2Fwp%2Fv2%2Fproduct_brand&post=43535"},{"taxonomy":"product_cat","embeddable":true,"href":"https:\/\/www.deporteseli.com\/index.php?rest_route=%2Fwp%2Fv2%2Fproduct_cat&post=43535"},{"taxonomy":"product_tag","embeddable":true,"href":"https:\/\/www.deporteseli.com\/index.php?rest_route=%2Fwp%2Fv2%2Fproduct_tag&post=43535"}],"curies":[{"name":"wp","href":"https:\/\/api.w.org\/{rel}","templated":true}]}}