{"id":43522,"date":"2026-01-27T20:07:32","date_gmt":"2026-01-27T20:07:32","guid":{"rendered":"https:\/\/www.deporteseli.com\/?product=mochila-wilson-wr8037401001"},"modified":"2026-03-24T12:50:39","modified_gmt":"2026-03-24T12:50:39","slug":"mochila-wilson-wr8037401001","status":"publish","type":"product","link":"https:\/\/www.deporteseli.com\/?product=mochila-wilson-wr8037401001","title":{"rendered":"MOCHILA WILSON WR8037401001"},"content":{"rendered":"<p>Ya sea que salgas por el d\u00eda o por un fin de semana, la \u00faltima mochila Tour de Wilson ofrece la combinaci\u00f3n perfecta de viajes livianos y funcionalidad de nivel profesional. Inspir\u00e1ndose en el legado de m\u00e1s de 100 a\u00f1os de Wilson, este dise\u00f1o actualizado cuenta con una silueta elegante y din\u00e1mica y correas de hombro mejoradas para una mayor comodidad. La mochila compacta puede contener de forma segura una o dos raquetas con cremalleras con cierre. Tambi\u00e9n cuenta con una funda exclusiva para computadora port\u00e1til y un bolsillo externo con cremallera para mantener organizados los art\u00edculos personales m\u00e1s peque\u00f1os y los objetos de valor.    Color: Negro  Caracter\u00edsticas principales  Compartimento para zapatos: el espacio de almacenamiento interior permite guardar un par de zapatos adicional durante el viaje.  Bolsillo grande para accesorios: ofrece espacio adicional para equipos, art\u00edculos personales y equipamiento.  Bolsillo peque\u00f1o para accesorios: ofrece espacio para efectos personales y objetos de valor m\u00e1s peque\u00f1os.  Funda para computadora port\u00e1til: Funda interior dise\u00f1ada para albergar y proteger una computadora port\u00e1til, tableta o dispositivo similar.  Compartimento parcial para raqueta: cuenta con cremalleras con cierre de seguridad para encerrar la cabeza de la raqueta.  Presupuesto  Dimensiones de la bolsa: 12  x 8  x 17,5  \/ 30,48 x 20,32 x 44,45 cm  Composici\u00f3n: RPET Poli\u00e9ster \/ Poli\u00e9ster  Composici\u00f3n del tejido: 85 % poli\u00e9ster RPET \/ 15 % poli\u00e9ster                                                                                                                                                                                                                                                                                                                                                                                                                                                                                                                                                                                                                                                                                                                                                                                                                                                                                                                                                                                                                                        <\/p>\n","protected":false},"excerpt":{"rendered":"<p>MOCHILA WILSON WR8037401001<\/p>\n","protected":false},"featured_media":57024,"template":"","meta":[],"product_brand":[],"product_cat":[355],"product_tag":[57],"class_list":{"0":"post-43522","1":"product","2":"type-product","3":"status-publish","4":"has-post-thumbnail","6":"product_cat-padel_y_tenis_mochilas","7":"product_tag-wilson","8":"pa_color-unico","9":"pa_talla-unica","10":"thunk-woo-product-list","11":"opn-qv-enable","12":"open-woo-hover-","13":"open-single-product-tab-horizontal","14":"open-shadow-","15":"open-shadow-hover-","17":"first","18":"instock","19":"sale","20":"shipping-taxable","21":"purchasable","22":"product-type-variable"},"jetpack_sharing_enabled":true,"_links":{"self":[{"href":"https:\/\/www.deporteseli.com\/index.php?rest_route=\/wp\/v2\/product\/43522","targetHints":{"allow":["GET"]}}],"collection":[{"href":"https:\/\/www.deporteseli.com\/index.php?rest_route=\/wp\/v2\/product"}],"about":[{"href":"https:\/\/www.deporteseli.com\/index.php?rest_route=\/wp\/v2\/types\/product"}],"wp:featuredmedia":[{"embeddable":true,"href":"https:\/\/www.deporteseli.com\/index.php?rest_route=\/wp\/v2\/media\/57024"}],"wp:attachment":[{"href":"https:\/\/www.deporteseli.com\/index.php?rest_route=%2Fwp%2Fv2%2Fmedia&parent=43522"}],"wp:term":[{"taxonomy":"product_brand","embeddable":true,"href":"https:\/\/www.deporteseli.com\/index.php?rest_route=%2Fwp%2Fv2%2Fproduct_brand&post=43522"},{"taxonomy":"product_cat","embeddable":true,"href":"https:\/\/www.deporteseli.com\/index.php?rest_route=%2Fwp%2Fv2%2Fproduct_cat&post=43522"},{"taxonomy":"product_tag","embeddable":true,"href":"https:\/\/www.deporteseli.com\/index.php?rest_route=%2Fwp%2Fv2%2Fproduct_tag&post=43522"}],"curies":[{"name":"wp","href":"https:\/\/api.w.org\/{rel}","templated":true}]}}