{"id":43519,"date":"2026-01-27T20:07:29","date_gmt":"2026-01-27T20:07:29","guid":{"rendered":"https:\/\/www.deporteseli.com\/?product=gt-1000-13"},"modified":"2026-01-27T20:07:31","modified_gmt":"2026-01-27T20:07:31","slug":"gt-1000-13","status":"publish","type":"product","link":"https:\/\/www.deporteseli.com\/?product=gt-1000-13","title":{"rendered":"GT-1000 13"},"content":{"rendered":"<p>Nuestro enfoque de la zapatilla GT-1000 13 GTX fue modernizarla con una sujeci\u00f3n m\u00e1s firme y una mayor amortiguaci\u00f3n.    Este dise\u00f1o cuenta con el 3D GUIDANCE SYSTEM, que aumenta la estabilidad y aporta equilibrio en la pisada.    La zapatilla se ha concebido de nuevo con tecnolog\u00eda PureGEL y amortiguaci\u00f3n FLYTEFOAM en la entresuela. Estos elementos generan una sensaci\u00f3n de ligereza y suavizan el impacto de la pisada, para que disfrutes de m\u00e1xima comodidad en cada paso.    Sobrepronadores  Tipo de pie  Arco bajo y pie plano  Empuje  La mayor parte del esfuerzo recae en el dedo gordo y en el segundo.  C\u00f3mo entra en contacto el pie con el suelo  El pie aterriza sobre la parte exterior del tal\u00f3n y se desplaza hacia dentro (pronaci\u00f3n) en exceso, lo que transfiere el peso al extremo interior en lugar de al antepi\u00e9.                                                                                                                                                                                                                                                                                                                                                                                                                                                                                                                                                                                                                                                                                                                                                                                                                                                                                                                                                                                                                                        <\/p>\n","protected":false},"excerpt":{"rendered":"<p>GT-1000 13<\/p>\n","protected":false},"featured_media":57020,"template":"","meta":[],"product_brand":[],"product_cat":[259],"product_tag":[19],"class_list":{"0":"post-43519","1":"product","2":"type-product","3":"status-publish","4":"has-post-thumbnail","6":"product_cat-hombre_calzado_running","7":"product_tag-asics","8":"pa_color-unico","9":"pa_talla-41-5","10":"pa_talla-153","11":"thunk-woo-product-list","12":"opn-qv-enable","13":"open-woo-hover-","14":"open-single-product-tab-horizontal","15":"open-shadow-","16":"open-shadow-hover-","18":"first","19":"instock","20":"sale","21":"shipping-taxable","22":"purchasable","23":"product-type-variable"},"jetpack_sharing_enabled":true,"_links":{"self":[{"href":"https:\/\/www.deporteseli.com\/index.php?rest_route=\/wp\/v2\/product\/43519","targetHints":{"allow":["GET"]}}],"collection":[{"href":"https:\/\/www.deporteseli.com\/index.php?rest_route=\/wp\/v2\/product"}],"about":[{"href":"https:\/\/www.deporteseli.com\/index.php?rest_route=\/wp\/v2\/types\/product"}],"wp:featuredmedia":[{"embeddable":true,"href":"https:\/\/www.deporteseli.com\/index.php?rest_route=\/wp\/v2\/media\/57020"}],"wp:attachment":[{"href":"https:\/\/www.deporteseli.com\/index.php?rest_route=%2Fwp%2Fv2%2Fmedia&parent=43519"}],"wp:term":[{"taxonomy":"product_brand","embeddable":true,"href":"https:\/\/www.deporteseli.com\/index.php?rest_route=%2Fwp%2Fv2%2Fproduct_brand&post=43519"},{"taxonomy":"product_cat","embeddable":true,"href":"https:\/\/www.deporteseli.com\/index.php?rest_route=%2Fwp%2Fv2%2Fproduct_cat&post=43519"},{"taxonomy":"product_tag","embeddable":true,"href":"https:\/\/www.deporteseli.com\/index.php?rest_route=%2Fwp%2Fv2%2Fproduct_tag&post=43519"}],"curies":[{"name":"wp","href":"https:\/\/api.w.org\/{rel}","templated":true}]}}