{"id":43506,"date":"2026-01-27T20:07:13","date_gmt":"2026-01-27T20:07:13","guid":{"rendered":"https:\/\/www.deporteseli.com\/?product=zapatillas-breaknet-2-0-para-ninos"},"modified":"2026-02-19T05:18:37","modified_gmt":"2026-02-19T05:18:37","slug":"zapatillas-breaknet-2-0-para-ninos","status":"publish","type":"product","link":"https:\/\/www.deporteseli.com\/?product=zapatillas-breaknet-2-0-para-ninos","title":{"rendered":"ZAPATILLAS BREAKNET 2.0 PARA NI\u00f1OS"},"content":{"rendered":"<p>ZAPATILLAS BREAKNET 2.0 PARA NI\u00d1OS  ZAPATILLAS DEPORTIVAS F\u00c1CILES DE PONER Y DISE\u00d1ADAS PARA NI\u00d1OS ACTIVOS.  Los ni\u00f1os se mueven libremente con estas zapatillas ligeras. Una suela de goma flexible proporciona el agarre y la durabilidad que los ni\u00f1os necesitan para pasar horas en el patio de recreo o en la cancha de tenis. Estas zapatillas adidas para ni\u00f1os se calzan f\u00e1cilmente gracias a los cordones el\u00e1sticos, mientras que una correa superior con velcro asegura el ajuste. Que empiece la diversi\u00f3n.  Ajuste regular  Cordones el\u00e1sticos con correa superior con velcro  Parte superior textil y sint\u00e9tica.  Forro textil  Suela de goma                                                                                                                                                                                                                                                                                                                                                                                                                                                                                                                                                                                                                                                                                                                                                                                                                                                                                                                                                                                                                                        <\/p>\n","protected":false},"excerpt":{"rendered":"<p>ZAPATILLAS BREAKNET 2.0 PARA NI\u00f1OS<\/p>\n","protected":false},"featured_media":57004,"template":"","meta":[],"product_brand":[],"product_cat":[310],"product_tag":[18],"class_list":{"0":"post-43506","1":"product","2":"type-product","3":"status-publish","4":"has-post-thumbnail","6":"product_cat-nino_calzado_casual","7":"product_tag-adidas","8":"pa_color-unico","9":"pa_talla-127","10":"pa_talla-129","11":"pa_talla-131","12":"thunk-woo-product-list","13":"opn-qv-enable","14":"open-woo-hover-","15":"open-single-product-tab-horizontal","16":"open-shadow-","17":"open-shadow-hover-","19":"first","20":"instock","21":"sale","22":"shipping-taxable","23":"purchasable","24":"product-type-variable"},"jetpack_sharing_enabled":true,"_links":{"self":[{"href":"https:\/\/www.deporteseli.com\/index.php?rest_route=\/wp\/v2\/product\/43506","targetHints":{"allow":["GET"]}}],"collection":[{"href":"https:\/\/www.deporteseli.com\/index.php?rest_route=\/wp\/v2\/product"}],"about":[{"href":"https:\/\/www.deporteseli.com\/index.php?rest_route=\/wp\/v2\/types\/product"}],"wp:featuredmedia":[{"embeddable":true,"href":"https:\/\/www.deporteseli.com\/index.php?rest_route=\/wp\/v2\/media\/57004"}],"wp:attachment":[{"href":"https:\/\/www.deporteseli.com\/index.php?rest_route=%2Fwp%2Fv2%2Fmedia&parent=43506"}],"wp:term":[{"taxonomy":"product_brand","embeddable":true,"href":"https:\/\/www.deporteseli.com\/index.php?rest_route=%2Fwp%2Fv2%2Fproduct_brand&post=43506"},{"taxonomy":"product_cat","embeddable":true,"href":"https:\/\/www.deporteseli.com\/index.php?rest_route=%2Fwp%2Fv2%2Fproduct_cat&post=43506"},{"taxonomy":"product_tag","embeddable":true,"href":"https:\/\/www.deporteseli.com\/index.php?rest_route=%2Fwp%2Fv2%2Fproduct_tag&post=43506"}],"curies":[{"name":"wp","href":"https:\/\/api.w.org\/{rel}","templated":true}]}}