{"id":43504,"date":"2026-01-27T20:07:10","date_gmt":"2026-01-27T20:07:10","guid":{"rendered":"https:\/\/www.deporteseli.com\/?product=pantalones-cortos-de-polar-essentials-con-3-r"},"modified":"2026-03-07T06:07:07","modified_gmt":"2026-03-07T06:07:07","slug":"pantalones-cortos-de-polar-essentials-con-3-r","status":"publish","type":"product","link":"https:\/\/www.deporteseli.com\/?product=pantalones-cortos-de-polar-essentials-con-3-r","title":{"rendered":"PANTALONES CORTOS DE POLAR ESSENTIALS CON 3 R"},"content":{"rendered":"<p>SHORTS 3 RAYAS CONFECCIONADOS EN PARTE CON UNA MEZCLA DE MATERIALES RECICLADOS Y RENOVABLES.  Estos pantalones cortos adidas te brindan la comodidad que necesitas para mantenerte concentrado en tus objetivos. Ya sea que eso signifique visitar un nuevo parque con el perro o simplemente tomarte un tiempo para ti, la confecci\u00f3n de vell\u00f3n suave te hace sentir bien en cada paso del camino. Las cl\u00e1sicas 3 rayas a lo largo de las piernas muestran tu estilo deportivo sin importar a d\u00f3nde te lleve el d\u00eda. Al elegir materiales reciclados, podemos reutilizar materiales que ya se han creado, lo que ayuda a reducir los desechos. La elecci\u00f3n de materiales renovables nos ayudar\u00e1 a eliminar nuestra dependencia de recursos finitos. Nuestros productos fabricados con una mezcla de materiales reciclados y renovables contienen al menos un 70 % del total de estos materiales.  Ajuste regular  Cintura el\u00e1stica con cord\u00f3n.  55% algod\u00f3n, 36% poli\u00e9ster (reciclado), 9% viscosa  De altura media  Bolsillos delanteros  Contiene un m\u00ednimo de 70% de contenido reciclado y renovable.  Importado  Color del producto: Negro \/ Blanco  C\u00f3digo del producto: JD1855                                                                                                                                                                                                                                                                                                                                                                                                                                                                                                                                                                                                                                                                                                                                                                                                                                                                                                                                                                                                                                        <\/p>\n","protected":false},"excerpt":{"rendered":"<p>PANTALONES CORTOS DE POLAR ESSENTIALS CON 3 R<\/p>\n","protected":false},"featured_media":57001,"template":"","meta":[],"product_brand":[],"product_cat":[251],"product_tag":[18],"class_list":{"0":"post-43504","1":"product","2":"type-product","3":"status-publish","4":"has-post-thumbnail","6":"product_cat-hombre_textil_shorts","7":"product_tag-adidas","8":"pa_color-unico","9":"pa_talla-xxl","10":"thunk-woo-product-list","11":"opn-qv-enable","12":"open-woo-hover-","13":"open-single-product-tab-horizontal","14":"open-shadow-","15":"open-shadow-hover-","17":"first","18":"instock","19":"shipping-taxable","20":"purchasable","21":"product-type-variable"},"jetpack_sharing_enabled":true,"_links":{"self":[{"href":"https:\/\/www.deporteseli.com\/index.php?rest_route=\/wp\/v2\/product\/43504","targetHints":{"allow":["GET"]}}],"collection":[{"href":"https:\/\/www.deporteseli.com\/index.php?rest_route=\/wp\/v2\/product"}],"about":[{"href":"https:\/\/www.deporteseli.com\/index.php?rest_route=\/wp\/v2\/types\/product"}],"wp:featuredmedia":[{"embeddable":true,"href":"https:\/\/www.deporteseli.com\/index.php?rest_route=\/wp\/v2\/media\/57001"}],"wp:attachment":[{"href":"https:\/\/www.deporteseli.com\/index.php?rest_route=%2Fwp%2Fv2%2Fmedia&parent=43504"}],"wp:term":[{"taxonomy":"product_brand","embeddable":true,"href":"https:\/\/www.deporteseli.com\/index.php?rest_route=%2Fwp%2Fv2%2Fproduct_brand&post=43504"},{"taxonomy":"product_cat","embeddable":true,"href":"https:\/\/www.deporteseli.com\/index.php?rest_route=%2Fwp%2Fv2%2Fproduct_cat&post=43504"},{"taxonomy":"product_tag","embeddable":true,"href":"https:\/\/www.deporteseli.com\/index.php?rest_route=%2Fwp%2Fv2%2Fproduct_tag&post=43504"}],"curies":[{"name":"wp","href":"https:\/\/api.w.org\/{rel}","templated":true}]}}