{"id":43483,"date":"2026-01-27T20:06:44","date_gmt":"2026-01-27T20:06:44","guid":{"rendered":"https:\/\/www.deporteseli.com\/?product=mallas-largas-techfit-stash-pocket-2"},"modified":"2026-03-07T06:07:04","modified_gmt":"2026-03-07T06:07:04","slug":"mallas-largas-techfit-stash-pocket-2","status":"publish","type":"product","link":"https:\/\/www.deporteseli.com\/?product=mallas-largas-techfit-stash-pocket-2","title":{"rendered":"MALLAS LARGAS TECHFIT STASH POCKET"},"content":{"rendered":"<p>MAXIMIZA TU POTENCIAL  Aumenta la intensidad de tus entrenamientos con estas mallas adidas Techfit. El tejido de compresi\u00f3n comprime los m\u00fasculos para generar m\u00e1s potencia y resistencia, mientras que la tecnolog\u00eda transpirable AEROREADY mantiene la piel seca. Incorporan un bolsillo oculto para guardar las llaves o la tarjeta del gimnasio. Los paneles de malla favorecen la ventilaci\u00f3n y te ayudan a superar tu mejor marca.    Este producto contiene al menos un 70% de materiales reciclados. Utilizando materiales reciclados, reducimos los residuos, nuestra dependencia de los recursos finitos y la huella que generan los productos que fabricamos.  Corte ajustado de talle alto  Cintura el\u00e1stica  Interlock 73% poli\u00e9ster reciclado \/ 27% elast\u00e1n  Dise\u00f1o estilizado con ajuste de compresi\u00f3n  AEROREADY  TECHFIT concentra la energ\u00eda muscular  Bolsillo oculto en la pernera  Inserciones de malla que favorecen la ventilaci\u00f3n en las zonas m\u00e1s expuestas al sudor  Tejido ligero a prueba de sentadillas  Color del art\u00edculo: Black  N\u00famero de art\u00edculo: IT2282                                                                                                                                                                                                                                                                                                                                                                                                                                                                                                                                                                                                                                                                                                                                                                                                                                                                                                                                                                                                                                        <\/p>\n","protected":false},"excerpt":{"rendered":"<p>MALLAS LARGAS TECHFIT STASH POCKET<\/p>\n","protected":false},"featured_media":56979,"template":"","meta":[],"product_brand":[],"product_cat":[281],"product_tag":[18],"class_list":{"0":"post-43483","1":"product","2":"type-product","3":"status-publish","4":"has-post-thumbnail","6":"product_cat-mujer_textil_mallas","7":"product_tag-adidas","8":"pa_color-unico","9":"pa_talla-l","10":"thunk-woo-product-list","11":"opn-qv-enable","12":"open-woo-hover-","13":"open-single-product-tab-horizontal","14":"open-shadow-","15":"open-shadow-hover-","17":"first","18":"instock","19":"shipping-taxable","20":"purchasable","21":"product-type-variable"},"jetpack_sharing_enabled":true,"_links":{"self":[{"href":"https:\/\/www.deporteseli.com\/index.php?rest_route=\/wp\/v2\/product\/43483","targetHints":{"allow":["GET"]}}],"collection":[{"href":"https:\/\/www.deporteseli.com\/index.php?rest_route=\/wp\/v2\/product"}],"about":[{"href":"https:\/\/www.deporteseli.com\/index.php?rest_route=\/wp\/v2\/types\/product"}],"wp:featuredmedia":[{"embeddable":true,"href":"https:\/\/www.deporteseli.com\/index.php?rest_route=\/wp\/v2\/media\/56979"}],"wp:attachment":[{"href":"https:\/\/www.deporteseli.com\/index.php?rest_route=%2Fwp%2Fv2%2Fmedia&parent=43483"}],"wp:term":[{"taxonomy":"product_brand","embeddable":true,"href":"https:\/\/www.deporteseli.com\/index.php?rest_route=%2Fwp%2Fv2%2Fproduct_brand&post=43483"},{"taxonomy":"product_cat","embeddable":true,"href":"https:\/\/www.deporteseli.com\/index.php?rest_route=%2Fwp%2Fv2%2Fproduct_cat&post=43483"},{"taxonomy":"product_tag","embeddable":true,"href":"https:\/\/www.deporteseli.com\/index.php?rest_route=%2Fwp%2Fv2%2Fproduct_tag&post=43483"}],"curies":[{"name":"wp","href":"https:\/\/api.w.org\/{rel}","templated":true}]}}