{"id":43479,"date":"2026-01-27T20:06:39","date_gmt":"2026-01-27T20:06:39","guid":{"rendered":"https:\/\/www.deporteseli.com\/?product=gel-nimbus-27"},"modified":"2026-01-27T20:06:43","modified_gmt":"2026-01-27T20:06:43","slug":"gel-nimbus-27","status":"publish","type":"product","link":"https:\/\/www.deporteseli.com\/?product=gel-nimbus-27","title":{"rendered":"GEL-NIMBUS 27"},"content":{"rendered":"<p>La zapatilla de running GEL-NIMBUS 27 se ha dise\u00f1ado para sentir la m\u00e1xima comodidad al correr y encontrar esa paz interior que te aporta el running. Y gracias a su amortiguaci\u00f3n m\u00e1xima, superior a las anteriores, puedes correr m\u00e1s lejos con total comodidad.     La combinaci\u00f3n de la tecnolog\u00eda PureGEL y nuestra amortiguaci\u00f3n superior FF BLAST PLUS ECO te garantiza una comodidad incre\u00edble cada vez que salgas a correr. Adem\u00e1s, presenta un nuevo dise\u00f1o de la parte superior y el cuello que ofrece un ajuste c\u00f3modo sin precedentes.      \u00bfQu\u00e9 hace que la zapatilla de running GEL-NIMBUS 27 sea tan c\u00f3moda?    La innovadora tecnolog\u00eda PureGEL en el retropi\u00e9, con mejor absorci\u00f3n de impactos, reduce la presi\u00f3n en las articulaciones para que puedas seguir corriendo c\u00f3modamente.   La espuma FF BLAST PLUS ECO garantiza un aterrizaje m\u00e1s suave y una amortiguaci\u00f3n superior para que te sientas a gusto mientras corres.   La parte superior transpirable y el dise\u00f1o del cuello ofrecen un ajuste \u00fanico que proporciona la m\u00e1xima comodidad.  \u00bfPor qu\u00e9 otras cualidades destaca la zapatilla GEL-NIMBUS 27 ?     El dise\u00f1o de esta zapatilla se centra en la comodidad. Hemos dedicado una infinidad de horas a probarla y perfeccionarla en nuestro Institute of Sport Science (ISS) en Jap\u00f3n. La zapatilla de running GEL-NIMBUS 26 incluye m\u00e1s caracter\u00edsticas t\u00e9cnicas para ayudarte durante la carrera. Puedes consultarlas a continuaci\u00f3n en la secci\u00f3n  Caracter\u00edsticas t\u00e9cnicas .                                                                                                                                                                                                                                                                                                                                                                                                                                                                                                                                                                                                                                                                                                                                                                                                                                                                                                                                                                                                                                        <\/p>\n","protected":false},"excerpt":{"rendered":"<p>GEL-NIMBUS 27<\/p>\n","protected":false},"featured_media":56977,"template":"","meta":[],"product_brand":[],"product_cat":[259],"product_tag":[19],"class_list":{"0":"post-43479","1":"product","2":"type-product","3":"status-publish","4":"has-post-thumbnail","6":"product_cat-hombre_calzado_running","7":"product_tag-asics","8":"pa_color-unico","9":"pa_talla-41-5","10":"pa_talla-159","11":"pa_talla-161","12":"thunk-woo-product-list","13":"opn-qv-enable","14":"open-woo-hover-","15":"open-single-product-tab-horizontal","16":"open-shadow-","17":"open-shadow-hover-","19":"first","20":"instock","21":"sale","22":"shipping-taxable","23":"purchasable","24":"product-type-variable"},"jetpack_sharing_enabled":true,"_links":{"self":[{"href":"https:\/\/www.deporteseli.com\/index.php?rest_route=\/wp\/v2\/product\/43479","targetHints":{"allow":["GET"]}}],"collection":[{"href":"https:\/\/www.deporteseli.com\/index.php?rest_route=\/wp\/v2\/product"}],"about":[{"href":"https:\/\/www.deporteseli.com\/index.php?rest_route=\/wp\/v2\/types\/product"}],"wp:featuredmedia":[{"embeddable":true,"href":"https:\/\/www.deporteseli.com\/index.php?rest_route=\/wp\/v2\/media\/56977"}],"wp:attachment":[{"href":"https:\/\/www.deporteseli.com\/index.php?rest_route=%2Fwp%2Fv2%2Fmedia&parent=43479"}],"wp:term":[{"taxonomy":"product_brand","embeddable":true,"href":"https:\/\/www.deporteseli.com\/index.php?rest_route=%2Fwp%2Fv2%2Fproduct_brand&post=43479"},{"taxonomy":"product_cat","embeddable":true,"href":"https:\/\/www.deporteseli.com\/index.php?rest_route=%2Fwp%2Fv2%2Fproduct_cat&post=43479"},{"taxonomy":"product_tag","embeddable":true,"href":"https:\/\/www.deporteseli.com\/index.php?rest_route=%2Fwp%2Fv2%2Fproduct_tag&post=43479"}],"curies":[{"name":"wp","href":"https:\/\/api.w.org\/{rel}","templated":true}]}}