{"id":43471,"date":"2026-01-27T20:06:29","date_gmt":"2026-01-27T20:06:29","guid":{"rendered":"https:\/\/www.deporteseli.com\/?product=zapatillas-adizero-ubersonic-5-m-cl"},"modified":"2026-02-16T07:53:24","modified_gmt":"2026-02-16T07:53:24","slug":"zapatillas-adizero-ubersonic-5-m-cl","status":"publish","type":"product","link":"https:\/\/www.deporteseli.com\/?product=zapatillas-adizero-ubersonic-5-m-cl","title":{"rendered":"ZAPATILLAS ADIZERO UBERSONIC 5 M CL"},"content":{"rendered":"<p>VELOZ. AUDAZ. ADIZERO  Dise\u00f1ada para tu tenis m\u00e1s instintivo. Esta zapatilla Adizero Ubersonic 5 de adidas te ayuda a reaccionar al instante gracias a su empeine de malla ligera reforzada, que ofrece una gran sujeci\u00f3n en los movimientos laterales, y a su mediasuela Lightstrike, que te garantiza un contacto \u00f3ptimo con la pista. La suela Speedframe aporta una mayor sujeci\u00f3n en el tal\u00f3n, aumentando la estabilidad en superficie dura.                                                                                                                                                                                                                                                                                                                                                                                                                                                                                                                                                                                                                                                                                                                                                                                                                                                                                                                                                                                                                                        <\/p>\n","protected":false},"excerpt":{"rendered":"<p>ZAPATILLAS ADIZERO UBERSONIC 5 M CL<\/p>\n","protected":false},"featured_media":56968,"template":"","meta":[],"product_brand":[],"product_cat":[371],"product_tag":[18],"class_list":{"0":"post-43471","1":"product","2":"type-product","3":"status-publish","4":"has-post-thumbnail","6":"product_cat-padel_y_tenis_calzado","7":"product_tag-adidas","8":"pa_color-unico","9":"pa_talla-153","10":"pa_talla-42-5","11":"pa_talla-43-5","12":"pa_talla-45-5","13":"thunk-woo-product-list","14":"opn-qv-enable","15":"open-woo-hover-","16":"open-single-product-tab-horizontal","17":"open-shadow-","18":"open-shadow-hover-","20":"first","21":"instock","22":"sale","23":"shipping-taxable","24":"purchasable","25":"product-type-variable"},"jetpack_sharing_enabled":true,"_links":{"self":[{"href":"https:\/\/www.deporteseli.com\/index.php?rest_route=\/wp\/v2\/product\/43471","targetHints":{"allow":["GET"]}}],"collection":[{"href":"https:\/\/www.deporteseli.com\/index.php?rest_route=\/wp\/v2\/product"}],"about":[{"href":"https:\/\/www.deporteseli.com\/index.php?rest_route=\/wp\/v2\/types\/product"}],"wp:featuredmedia":[{"embeddable":true,"href":"https:\/\/www.deporteseli.com\/index.php?rest_route=\/wp\/v2\/media\/56968"}],"wp:attachment":[{"href":"https:\/\/www.deporteseli.com\/index.php?rest_route=%2Fwp%2Fv2%2Fmedia&parent=43471"}],"wp:term":[{"taxonomy":"product_brand","embeddable":true,"href":"https:\/\/www.deporteseli.com\/index.php?rest_route=%2Fwp%2Fv2%2Fproduct_brand&post=43471"},{"taxonomy":"product_cat","embeddable":true,"href":"https:\/\/www.deporteseli.com\/index.php?rest_route=%2Fwp%2Fv2%2Fproduct_cat&post=43471"},{"taxonomy":"product_tag","embeddable":true,"href":"https:\/\/www.deporteseli.com\/index.php?rest_route=%2Fwp%2Fv2%2Fproduct_tag&post=43471"}],"curies":[{"name":"wp","href":"https:\/\/api.w.org\/{rel}","templated":true}]}}