{"id":43469,"date":"2026-01-27T20:06:27","date_gmt":"2026-01-27T20:06:27","guid":{"rendered":"https:\/\/www.deporteseli.com\/?product=short-bullpadel-buzos-piedra-vigore"},"modified":"2026-01-27T20:06:28","modified_gmt":"2026-01-27T20:06:28","slug":"short-bullpadel-buzos-piedra-vigore","status":"publish","type":"product","link":"https:\/\/www.deporteseli.com\/?product=short-bullpadel-buzos-piedra-vigore","title":{"rendered":"SHORT BULLPADEL BUZOS PIEDRA VIGORE"},"content":{"rendered":"<p>Bermuda en tejido de rejilla de poli\u00e9ster el\u00e1stico.    Se le aplica la tecnolog\u00eda Drynamic, utiliza los microfilamentos para reducir la humedad y ayudar a la transpiraci\u00f3n. Dise\u00f1o compuesto de pantal\u00f3n con un largo de 42 cm, bandas laterales a contraste, cinturilla ajustable con cord\u00f3n, bolsillos y suspensorio interior de rejilla.    Decorada con los gr\u00e1ficos de Premier Padel.                                                                                                                                                                                                                                                                                                                                                                                                                                                                                                                                                                                                                                                                                                                                                                                                                                                                                                                                                                                                                                        <\/p>\n","protected":false},"excerpt":{"rendered":"<p>SHORT BULLPADEL BUZOS PIEDRA VIGORE<\/p>\n","protected":false},"featured_media":56964,"template":"","meta":[],"product_brand":[],"product_cat":[365],"product_tag":[21],"class_list":{"0":"post-43469","1":"product","2":"type-product","3":"status-publish","4":"has-post-thumbnail","6":"product_cat-padel_y_tenis_textil_shorts","7":"product_tag-bull_padel","8":"pa_color-unico","9":"pa_talla-m","10":"thunk-woo-product-list","11":"opn-qv-enable","12":"open-woo-hover-","13":"open-single-product-tab-horizontal","14":"open-shadow-","15":"open-shadow-hover-","17":"first","18":"instock","19":"sale","20":"shipping-taxable","21":"purchasable","22":"product-type-variable"},"jetpack_sharing_enabled":true,"_links":{"self":[{"href":"https:\/\/www.deporteseli.com\/index.php?rest_route=\/wp\/v2\/product\/43469","targetHints":{"allow":["GET"]}}],"collection":[{"href":"https:\/\/www.deporteseli.com\/index.php?rest_route=\/wp\/v2\/product"}],"about":[{"href":"https:\/\/www.deporteseli.com\/index.php?rest_route=\/wp\/v2\/types\/product"}],"wp:featuredmedia":[{"embeddable":true,"href":"https:\/\/www.deporteseli.com\/index.php?rest_route=\/wp\/v2\/media\/56964"}],"wp:attachment":[{"href":"https:\/\/www.deporteseli.com\/index.php?rest_route=%2Fwp%2Fv2%2Fmedia&parent=43469"}],"wp:term":[{"taxonomy":"product_brand","embeddable":true,"href":"https:\/\/www.deporteseli.com\/index.php?rest_route=%2Fwp%2Fv2%2Fproduct_brand&post=43469"},{"taxonomy":"product_cat","embeddable":true,"href":"https:\/\/www.deporteseli.com\/index.php?rest_route=%2Fwp%2Fv2%2Fproduct_cat&post=43469"},{"taxonomy":"product_tag","embeddable":true,"href":"https:\/\/www.deporteseli.com\/index.php?rest_route=%2Fwp%2Fv2%2Fproduct_tag&post=43469"}],"curies":[{"name":"wp","href":"https:\/\/api.w.org\/{rel}","templated":true}]}}