{"id":43464,"date":"2026-01-27T20:06:21","date_gmt":"2026-01-27T20:06:21","guid":{"rendered":"https:\/\/www.deporteseli.com\/?product=neceser-bull-bpp25018-25"},"modified":"2026-04-11T04:17:38","modified_gmt":"2026-04-11T04:17:38","slug":"neceser-bull-bpp25018-25","status":"publish","type":"product","link":"https:\/\/www.deporteseli.com\/?product=neceser-bull-bpp25018-25","title":{"rendered":"NECESER BULL BPP25018\/25"},"content":{"rendered":"<p>Neceser PEARL con dos bolsillos, perfectamente acoplado al dise\u00f1o tanto de la pala como de la mochila y el paletero, creando un conjunto \u00fanico.  Este neceser es el complemento perfecto para las nuevas palas de nuestros jugadores. Es un neceser personalizado con el logo y firma de Bea Gonz\u00e1lez, es de tama\u00f1o medio y cuenta con dos cremalleras para mejorar el acceso al compartimento principal. Adem\u00e1s dispone de un compartimento lateral y un asa reforzada.                                                                                                                                                                                                                                                                                                                                                                                                                                                                                                                                                                                                                                                                                                                                                                                                                                                                                                                                                                                                                                        <\/p>\n","protected":false},"excerpt":{"rendered":"<p>NECESER BULL BPP25018\/25<\/p>\n","protected":false},"featured_media":56959,"template":"","meta":[],"product_brand":[],"product_cat":[355],"product_tag":[21],"class_list":{"0":"post-43464","1":"product","2":"type-product","3":"status-publish","4":"has-post-thumbnail","6":"product_cat-padel_y_tenis_mochilas","7":"product_tag-bull_padel","8":"pa_color-rosa","9":"pa_color-unico","10":"pa_talla-unica","11":"thunk-woo-product-list","12":"opn-qv-enable","13":"open-woo-hover-","14":"open-single-product-tab-horizontal","15":"open-shadow-","16":"open-shadow-hover-","18":"first","19":"instock","20":"shipping-taxable","21":"purchasable","22":"product-type-variable"},"jetpack_sharing_enabled":true,"_links":{"self":[{"href":"https:\/\/www.deporteseli.com\/index.php?rest_route=\/wp\/v2\/product\/43464","targetHints":{"allow":["GET"]}}],"collection":[{"href":"https:\/\/www.deporteseli.com\/index.php?rest_route=\/wp\/v2\/product"}],"about":[{"href":"https:\/\/www.deporteseli.com\/index.php?rest_route=\/wp\/v2\/types\/product"}],"wp:featuredmedia":[{"embeddable":true,"href":"https:\/\/www.deporteseli.com\/index.php?rest_route=\/wp\/v2\/media\/56959"}],"wp:attachment":[{"href":"https:\/\/www.deporteseli.com\/index.php?rest_route=%2Fwp%2Fv2%2Fmedia&parent=43464"}],"wp:term":[{"taxonomy":"product_brand","embeddable":true,"href":"https:\/\/www.deporteseli.com\/index.php?rest_route=%2Fwp%2Fv2%2Fproduct_brand&post=43464"},{"taxonomy":"product_cat","embeddable":true,"href":"https:\/\/www.deporteseli.com\/index.php?rest_route=%2Fwp%2Fv2%2Fproduct_cat&post=43464"},{"taxonomy":"product_tag","embeddable":true,"href":"https:\/\/www.deporteseli.com\/index.php?rest_route=%2Fwp%2Fv2%2Fproduct_tag&post=43464"}],"curies":[{"name":"wp","href":"https:\/\/api.w.org\/{rel}","templated":true}]}}