{"id":43456,"date":"2026-01-27T20:06:10","date_gmt":"2026-01-27T20:06:10","guid":{"rendered":"https:\/\/www.deporteseli.com\/?product=pala-bullpadel-bp10-evo-25"},"modified":"2026-03-03T05:18:44","modified_gmt":"2026-03-03T05:18:44","slug":"pala-bullpadel-bp10-evo-25","status":"publish","type":"product","link":"https:\/\/www.deporteseli.com\/?product=pala-bullpadel-bp10-evo-25","title":{"rendered":"PALA BULLPADEL BP10 EVO 25"},"content":{"rendered":"<p>La BP10 Evo es una pala muy manejable y muy eficaz, con forma redonda y balance bajo. y que cuenta con el nuevo sistema STREinforce. Est\u00e1 concebida para jugadores de nivel medio o avanzados.    Su n\u00facleo exterior se compone de fibra de vidrio Polyglass y el n\u00facleo interior est\u00e1 compuesto de SoftEva y su marco CarbonTube de fibra de carbono 100%.  El nuevo sistema STREinforce, se basa en la creaci\u00f3n de un peque\u00f1o canal en el lateral del marco con el objetivo de aumentar la rigidez y disminuir el peso, proporcionando mayor control.  Peso: 360-370 grs.    Perfil: 38 mm.    Balance: Bajo    Forma: Redonda    N\u00facleo exterior: Polyglass    N\u00facleo interior: SoftEva    Protector: Sticker    Jugador: Avanzado    Potencia\/Control: 70\/80    Tecnolog\u00edas:    Polyglass \/ SoftEva \/ STREinforce \/ Sticker \/ Carbon Tube                                                                                                                                                                                                                                                                                                                                                                                                                                                                                                                                                                                                                                                                                                                                                                                                                                                                                                                                                                                                                                        <\/p>\n","protected":false},"excerpt":{"rendered":"<p>PALA BULLPADEL BP10 EVO 25<\/p>\n","protected":false},"featured_media":56942,"template":"","meta":[],"product_brand":[],"product_cat":[353],"product_tag":[21],"class_list":{"0":"post-43456","1":"product","2":"type-product","3":"status-publish","4":"has-post-thumbnail","6":"product_cat-padel_y_tenis_palas","7":"product_tag-bull_padel","8":"pa_color-unico","9":"pa_talla-unica","10":"thunk-woo-product-list","11":"opn-qv-enable","12":"open-woo-hover-","13":"open-single-product-tab-horizontal","14":"open-shadow-","15":"open-shadow-hover-","17":"first","18":"instock","19":"sale","20":"shipping-taxable","21":"purchasable","22":"product-type-variable"},"jetpack_sharing_enabled":true,"_links":{"self":[{"href":"https:\/\/www.deporteseli.com\/index.php?rest_route=\/wp\/v2\/product\/43456","targetHints":{"allow":["GET"]}}],"collection":[{"href":"https:\/\/www.deporteseli.com\/index.php?rest_route=\/wp\/v2\/product"}],"about":[{"href":"https:\/\/www.deporteseli.com\/index.php?rest_route=\/wp\/v2\/types\/product"}],"wp:featuredmedia":[{"embeddable":true,"href":"https:\/\/www.deporteseli.com\/index.php?rest_route=\/wp\/v2\/media\/56942"}],"wp:attachment":[{"href":"https:\/\/www.deporteseli.com\/index.php?rest_route=%2Fwp%2Fv2%2Fmedia&parent=43456"}],"wp:term":[{"taxonomy":"product_brand","embeddable":true,"href":"https:\/\/www.deporteseli.com\/index.php?rest_route=%2Fwp%2Fv2%2Fproduct_brand&post=43456"},{"taxonomy":"product_cat","embeddable":true,"href":"https:\/\/www.deporteseli.com\/index.php?rest_route=%2Fwp%2Fv2%2Fproduct_cat&post=43456"},{"taxonomy":"product_tag","embeddable":true,"href":"https:\/\/www.deporteseli.com\/index.php?rest_route=%2Fwp%2Fv2%2Fproduct_tag&post=43456"}],"curies":[{"name":"wp","href":"https:\/\/api.w.org\/{rel}","templated":true}]}}