{"id":43448,"date":"2026-01-27T20:06:01","date_gmt":"2026-01-27T20:06:01","guid":{"rendered":"https:\/\/www.deporteseli.com\/?product=zapatillas-vs-pace-2-0"},"modified":"2026-01-27T20:06:07","modified_gmt":"2026-01-27T20:06:07","slug":"zapatillas-vs-pace-2-0","status":"publish","type":"product","link":"https:\/\/www.deporteseli.com\/?product=zapatillas-vs-pace-2-0","title":{"rendered":"ZAPATILLAS VS PACE 2.0"},"content":{"rendered":"<p>ZAPATILLAS VS PACE 2.0 PARA NI\u00d1OS  ZAPATILLAS RESISTENTES Y DE USO DIARIO FABRICADAS EN PARTE CON MATERIALES RECICLADOS.  Ya sea que pedaleen o jueguen, trepen \u00e1rboles o caminen por senderos, estas zapatillas adidas para ni\u00f1os est\u00e1n dise\u00f1adas para seguir el ritmo de todo lo que los ni\u00f1os les echen. La parte superior liviana tiene un forro suave que se ajusta c\u00f3modamente al pie y las correas con velcro son f\u00e1ciles de ajustar para los ni\u00f1os por s\u00ed solos. Fabricada con una serie de materiales reciclados, esta parte superior presenta al menos un 50 % de contenido reciclado. Este producto representa solo una de nuestras soluciones para ayudar a terminar con los desechos pl\u00e1sticos.  Ajuste regular  Cierres de correa con velcro  Parte superior sint\u00e9tica suave  Forro textil  Suela de goma  La parte superior contiene un m\u00ednimo de 50% de contenido reciclado.                                                                                                                                                                                                                                                                                                                                                                                                                                                                                                                                                                                                                                                                                                                                                                                                                                                                                                                                                                                                                                        <\/p>\n","protected":false},"excerpt":{"rendered":"<p>ZAPATILLAS VS PACE 2.0<\/p>\n","protected":false},"featured_media":56932,"template":"","meta":[],"product_brand":[],"product_cat":[310],"product_tag":[18],"class_list":{"0":"post-43448","1":"product","2":"type-product","3":"status-publish","4":"has-post-thumbnail","6":"product_cat-nino_calzado_casual","7":"product_tag-adidas","8":"pa_color-unico","9":"pa_talla-125","10":"pa_talla-127","11":"pa_talla-131","12":"pa_talla-133","13":"pa_talla-135","14":"thunk-woo-product-list","15":"opn-qv-enable","16":"open-woo-hover-","17":"open-single-product-tab-horizontal","18":"open-shadow-","19":"open-shadow-hover-","21":"first","22":"instock","23":"sale","24":"shipping-taxable","25":"purchasable","26":"product-type-variable"},"jetpack_sharing_enabled":true,"_links":{"self":[{"href":"https:\/\/www.deporteseli.com\/index.php?rest_route=\/wp\/v2\/product\/43448","targetHints":{"allow":["GET"]}}],"collection":[{"href":"https:\/\/www.deporteseli.com\/index.php?rest_route=\/wp\/v2\/product"}],"about":[{"href":"https:\/\/www.deporteseli.com\/index.php?rest_route=\/wp\/v2\/types\/product"}],"wp:featuredmedia":[{"embeddable":true,"href":"https:\/\/www.deporteseli.com\/index.php?rest_route=\/wp\/v2\/media\/56932"}],"wp:attachment":[{"href":"https:\/\/www.deporteseli.com\/index.php?rest_route=%2Fwp%2Fv2%2Fmedia&parent=43448"}],"wp:term":[{"taxonomy":"product_brand","embeddable":true,"href":"https:\/\/www.deporteseli.com\/index.php?rest_route=%2Fwp%2Fv2%2Fproduct_brand&post=43448"},{"taxonomy":"product_cat","embeddable":true,"href":"https:\/\/www.deporteseli.com\/index.php?rest_route=%2Fwp%2Fv2%2Fproduct_cat&post=43448"},{"taxonomy":"product_tag","embeddable":true,"href":"https:\/\/www.deporteseli.com\/index.php?rest_route=%2Fwp%2Fv2%2Fproduct_tag&post=43448"}],"curies":[{"name":"wp","href":"https:\/\/api.w.org\/{rel}","templated":true}]}}