{"id":43442,"date":"2026-01-27T20:05:53","date_gmt":"2026-01-27T20:05:53","guid":{"rendered":"https:\/\/www.deporteseli.com\/?product=bolsa-de-padel-head-pro-xl-260045-negro"},"modified":"2026-01-27T20:05:55","modified_gmt":"2026-01-27T20:05:55","slug":"bolsa-de-padel-head-pro-xl-260045-negro","status":"publish","type":"product","link":"https:\/\/www.deporteseli.com\/?product=bolsa-de-padel-head-pro-xl-260045-negro","title":{"rendered":"BOLSA DE PADEL HEAD PRO XL 260045 NEGRO"},"content":{"rendered":"<p>Bolsa de p\u00e1del Head Pro XL Negra, con asas ajustables con acolchado para un transporte m\u00e1s c\u00f3modo, amplio compartimento principal y espacio ventilado para zapatillas.  Talla  Mediana (2-3 Palas de P\u00e1del)   Jefe de marca  Color  negro  Compartimento para zapatos  S\u00ed  Compartimento t\u00e9rmico  S\u00ed   Bolsas tipo p\u00e1del  Producto  Bolsas de Padel                                                                                                                                                                                                                                                                                                                                                                                                                                                                                                                                                                                                                                                                                                                                                                                                                                                                                                                                                                                                                                        <\/p>\n","protected":false},"excerpt":{"rendered":"<p>BOLSA DE PADEL HEAD PRO XL 260045 NEGRO<\/p>\n","protected":false},"featured_media":56925,"template":"","meta":[],"product_brand":[],"product_cat":[354],"product_tag":[22],"class_list":{"0":"post-43442","1":"product","2":"type-product","3":"status-publish","4":"has-post-thumbnail","6":"product_cat-padel_y_tenis_paleteros","7":"product_tag-head","8":"pa_color-unico","9":"pa_talla-unica","10":"thunk-woo-product-list","11":"opn-qv-enable","12":"open-woo-hover-","13":"open-single-product-tab-horizontal","14":"open-shadow-","15":"open-shadow-hover-","17":"first","18":"instock","19":"sale","20":"shipping-taxable","21":"purchasable","22":"product-type-variable"},"jetpack_sharing_enabled":true,"_links":{"self":[{"href":"https:\/\/www.deporteseli.com\/index.php?rest_route=\/wp\/v2\/product\/43442","targetHints":{"allow":["GET"]}}],"collection":[{"href":"https:\/\/www.deporteseli.com\/index.php?rest_route=\/wp\/v2\/product"}],"about":[{"href":"https:\/\/www.deporteseli.com\/index.php?rest_route=\/wp\/v2\/types\/product"}],"wp:featuredmedia":[{"embeddable":true,"href":"https:\/\/www.deporteseli.com\/index.php?rest_route=\/wp\/v2\/media\/56925"}],"wp:attachment":[{"href":"https:\/\/www.deporteseli.com\/index.php?rest_route=%2Fwp%2Fv2%2Fmedia&parent=43442"}],"wp:term":[{"taxonomy":"product_brand","embeddable":true,"href":"https:\/\/www.deporteseli.com\/index.php?rest_route=%2Fwp%2Fv2%2Fproduct_brand&post=43442"},{"taxonomy":"product_cat","embeddable":true,"href":"https:\/\/www.deporteseli.com\/index.php?rest_route=%2Fwp%2Fv2%2Fproduct_cat&post=43442"},{"taxonomy":"product_tag","embeddable":true,"href":"https:\/\/www.deporteseli.com\/index.php?rest_route=%2Fwp%2Fv2%2Fproduct_tag&post=43442"}],"curies":[{"name":"wp","href":"https:\/\/api.w.org\/{rel}","templated":true}]}}