{"id":43438,"date":"2026-01-27T20:05:48","date_gmt":"2026-01-27T20:05:48","guid":{"rendered":"https:\/\/www.deporteseli.com\/?product=head-speed-pro-2025"},"modified":"2026-01-27T20:05:50","modified_gmt":"2026-01-27T20:05:50","slug":"head-speed-pro-2025","status":"publish","type":"product","link":"https:\/\/www.deporteseli.com\/?product=head-speed-pro-2025","title":{"rendered":"HEAD SPEED PRO 2025"},"content":{"rendered":"<p>Pala Head Speed Pro 2025, dise\u00f1ada para jugadores de p\u00e1del de nivel competici\u00f3n que buscan una mejor adaptabilidad en la pista. Forma de l\u00e1grima, peso de 370 gramos y superficie de golpeo h\u00edbrida.  La Nueva Pala SPEED PRO para la Temporada 2025: Potencia y Control  La SPEED PRO, acelera el juego y aumenta el ritmo de bola con su forma de l\u00e1grima y gran versatilidad. Dise\u00f1ada para jugadores expertos y de competici\u00f3n, esta pala se actualiza con Auxetic 2.0 y las tecnolog\u00edas m\u00e1s avanzadas para ofrecer una experiencia de juego superior.    La SPEED PRO, combina potencia y control, con un enfoque destacado en la potencia debido a su peso y caracter\u00edsticas. La superficie de golpeo h\u00edbrida, hecha de una combinaci\u00f3n de fibra de carbono y fibra de vidrio, proporciona un tacto medio-duro para mayor precisi\u00f3n y fuerza en cada golpe. Adem\u00e1s, incluye el exclusivo sistema Damp Plus en el puente para reducir las vibraciones, junto con un tap\u00f3n blando en la empu\u00f1adura que aumenta la comodidad durante el juego.    Tecnolog\u00edas  Auxetic 2.0: Mejora la sensaci\u00f3n de impacto y respuesta al conectar toda la estructura interna de la pala.  Power Foam: Goma de alta respuesta dise\u00f1ada para maximizar la potencia en golpes ofensivos.  Optimized Sweet Spot: Ampliaci\u00f3n del punto dulce para mayor tolerancia y precisi\u00f3n.  Smart Bridge: Dise\u00f1o \u00fanico del puente adaptado a las necesidades de cada pala.  Tailored Frame: Construcci\u00f3n optimizada sin tubular que maximiza el punto dulce.  Soft Butt Cap 2.0: Tap\u00f3n blando para un agarre c\u00f3modo y reducci\u00f3n de vibraciones.  Damp Plus: Sistema exclusivo que a\u00edsla las vibraciones, proporcionando un mayor confort.  Graphene Inside: Refuerza el marco para mayor estabilidad y mejor salida de bola.  Anti Shock Skin Padel: L\u00e1mina protectora que aumenta la durabilidad frente a golpes y ara\u00f1azos.  Detalles  Balance: Medio  Forma: L\u00e1grima  N\u00facleo interior: Power Foam  Tama\u00f1o de cabeza: 465 cm\u00b2 \/ 72 in\u00b2  Equilibrio: 270.0  Perfil: 38 mm \/ 1.5 in  Protector: S\u00ed  Jugador: Profesional  Peso aprox: 370  \/- 10 gramos                                                                                                                                                                                                                                                                                                                                                                                                                                                                                                                                                                                                                                                                                                                                                                                                                                                                                                                                                                                                                                        <\/p>\n","protected":false},"excerpt":{"rendered":"<p>HEAD SPEED PRO 2025<\/p>\n","protected":false},"featured_media":56918,"template":"","meta":[],"product_brand":[],"product_cat":[353],"product_tag":[22],"class_list":{"0":"post-43438","1":"product","2":"type-product","3":"status-publish","4":"has-post-thumbnail","6":"product_cat-padel_y_tenis_palas","7":"product_tag-head","8":"pa_color-unico","9":"pa_talla-unica","10":"thunk-woo-product-list","11":"opn-qv-enable","12":"open-woo-hover-","13":"open-single-product-tab-horizontal","14":"open-shadow-","15":"open-shadow-hover-","17":"first","18":"instock","19":"sale","20":"shipping-taxable","21":"purchasable","22":"product-type-variable"},"jetpack_sharing_enabled":true,"_links":{"self":[{"href":"https:\/\/www.deporteseli.com\/index.php?rest_route=\/wp\/v2\/product\/43438","targetHints":{"allow":["GET"]}}],"collection":[{"href":"https:\/\/www.deporteseli.com\/index.php?rest_route=\/wp\/v2\/product"}],"about":[{"href":"https:\/\/www.deporteseli.com\/index.php?rest_route=\/wp\/v2\/types\/product"}],"wp:featuredmedia":[{"embeddable":true,"href":"https:\/\/www.deporteseli.com\/index.php?rest_route=\/wp\/v2\/media\/56918"}],"wp:attachment":[{"href":"https:\/\/www.deporteseli.com\/index.php?rest_route=%2Fwp%2Fv2%2Fmedia&parent=43438"}],"wp:term":[{"taxonomy":"product_brand","embeddable":true,"href":"https:\/\/www.deporteseli.com\/index.php?rest_route=%2Fwp%2Fv2%2Fproduct_brand&post=43438"},{"taxonomy":"product_cat","embeddable":true,"href":"https:\/\/www.deporteseli.com\/index.php?rest_route=%2Fwp%2Fv2%2Fproduct_cat&post=43438"},{"taxonomy":"product_tag","embeddable":true,"href":"https:\/\/www.deporteseli.com\/index.php?rest_route=%2Fwp%2Fv2%2Fproduct_tag&post=43438"}],"curies":[{"name":"wp","href":"https:\/\/api.w.org\/{rel}","templated":true}]}}