{"id":43435,"date":"2026-01-27T20:05:45","date_gmt":"2026-01-27T20:05:45","guid":{"rendered":"https:\/\/www.deporteseli.com\/?product=gorra-adidas-iy7754"},"modified":"2026-01-27T20:05:47","modified_gmt":"2026-01-27T20:05:47","slug":"gorra-adidas-iy7754","status":"publish","type":"product","link":"https:\/\/www.deporteseli.com\/?product=gorra-adidas-iy7754","title":{"rendered":"GORRA ADIDAS IY7754"},"content":{"rendered":"<p>Descripci\u00f3n  adidas Ya sea de excursi\u00f3n, en bicicleta o en un festival, el estilo de inspiraci\u00f3n deportiva de esta gorra de b\u00e9isbol es inconfundible. elle Fabricada en algod\u00f3n suave y transpirable, cuenta con un cierre a presi\u00f3n para un ajuste perfecto. Este producto est\u00e1 fabricado con al menos un 50% de materiales reciclados y renovables.                                                                                                                                                                                                                                                                                                                                                                                                                                                                                                                                                                                                                                                                                                                                                                                                                                                                                                                                                                                                                                        <\/p>\n","protected":false},"excerpt":{"rendered":"<p>GORRA ADIDAS IY7754<\/p>\n","protected":false},"featured_media":56915,"template":"","meta":[],"product_brand":[],"product_cat":[399],"product_tag":[18],"class_list":{"0":"post-43435","1":"product","2":"type-product","3":"status-publish","4":"has-post-thumbnail","6":"product_cat-accesorios_gorras","7":"product_tag-adidas","8":"pa_color-unico","9":"pa_talla-m","10":"pa_talla-s","11":"thunk-woo-product-list","12":"opn-qv-enable","13":"open-woo-hover-","14":"open-single-product-tab-horizontal","15":"open-shadow-","16":"open-shadow-hover-","18":"first","19":"instock","20":"shipping-taxable","21":"purchasable","22":"product-type-variable"},"jetpack_sharing_enabled":true,"_links":{"self":[{"href":"https:\/\/www.deporteseli.com\/index.php?rest_route=\/wp\/v2\/product\/43435","targetHints":{"allow":["GET"]}}],"collection":[{"href":"https:\/\/www.deporteseli.com\/index.php?rest_route=\/wp\/v2\/product"}],"about":[{"href":"https:\/\/www.deporteseli.com\/index.php?rest_route=\/wp\/v2\/types\/product"}],"wp:featuredmedia":[{"embeddable":true,"href":"https:\/\/www.deporteseli.com\/index.php?rest_route=\/wp\/v2\/media\/56915"}],"wp:attachment":[{"href":"https:\/\/www.deporteseli.com\/index.php?rest_route=%2Fwp%2Fv2%2Fmedia&parent=43435"}],"wp:term":[{"taxonomy":"product_brand","embeddable":true,"href":"https:\/\/www.deporteseli.com\/index.php?rest_route=%2Fwp%2Fv2%2Fproduct_brand&post=43435"},{"taxonomy":"product_cat","embeddable":true,"href":"https:\/\/www.deporteseli.com\/index.php?rest_route=%2Fwp%2Fv2%2Fproduct_cat&post=43435"},{"taxonomy":"product_tag","embeddable":true,"href":"https:\/\/www.deporteseli.com\/index.php?rest_route=%2Fwp%2Fv2%2Fproduct_tag&post=43435"}],"curies":[{"name":"wp","href":"https:\/\/api.w.org\/{rel}","templated":true}]}}