{"id":43433,"date":"2026-01-27T20:05:42","date_gmt":"2026-01-27T20:05:42","guid":{"rendered":"https:\/\/www.deporteseli.com\/?product=pala-joma-slam-pro-premier-valladolid"},"modified":"2026-01-27T20:05:44","modified_gmt":"2026-01-27T20:05:44","slug":"pala-joma-slam-pro-premier-valladolid","status":"publish","type":"product","link":"https:\/\/www.deporteseli.com\/?product=pala-joma-slam-pro-premier-valladolid","title":{"rendered":"PALA JOMA SLAM PRO PREMIER VALLADOLID"},"content":{"rendered":"<p>Pala de p\u00e1del que se basa en uno de nuestros modelos de alta gama y que ha sido personalizada en exclusiva para la Premier P\u00e1del Valladolid P2. La pala Slam Pro se ha desarrollado para jugadores profesionales que quieran sacar la m\u00e1xima potencia en su juego, al mismo tiempo que les ayuda al control.    Este modelo en forma h\u00edbrida equilibra potencia y control y est\u00e1 concebido para definir los puntos y sacar el m\u00e1ximo rendimiento. El n\u00facleo est\u00e1 elaborado con FLEXO Black EVA de alta densidad. La cara de fibra de carbono FLEXSHIELD 3k hace que sea m\u00e1s r\u00edgida y, por tanto, que garantice altas prestaciones en cada punto. Adem\u00e1s, incorpora planos ROTATION en relieve para hacerla aun m\u00e1s potente. Por otro lado, el marco 100% fibra de carbono EXO COUNTER garantiza la durabilidad y la rigidez de la pala.    El puente VIBRA-OUT reduce un 40% las vibraciones producidas por el golpeo de la bola.    El mango de forma octogonal asegura un uso c\u00f3modo.  Peso: 355 &#8211; 360 gr  Forma l\u00e1grima  Gama: alta &#8211; profesional  N\u00facleo: BLACK EVA  Cara: fibra de carbono 3k  Marco: fibra de carbono  Tubular 100% Fibra de carbono \/ Plano 75% Fibra de vidrio, 25% Fibra de carbono 3K \/ Relleno 100% EVA                                                                                                                                                                                                                                                                                                                                                                                                                                                                                                                                                                                                                                                                                                                                                                                                                                                                                                                                                                                                                                        <\/p>\n","protected":false},"excerpt":{"rendered":"<p>PALA JOMA SLAM PRO PREMIER VALLADOLID<\/p>\n","protected":false},"featured_media":56911,"template":"","meta":[],"product_brand":[],"product_cat":[353],"product_tag":[31],"class_list":{"0":"post-43433","1":"product","2":"type-product","3":"status-publish","4":"has-post-thumbnail","6":"product_cat-padel_y_tenis_palas","7":"product_tag-joma","8":"pa_color-unico","9":"pa_talla-unica","10":"thunk-woo-product-list","11":"opn-qv-enable","12":"open-woo-hover-","13":"open-single-product-tab-horizontal","14":"open-shadow-","15":"open-shadow-hover-","17":"first","18":"instock","19":"sale","20":"shipping-taxable","21":"purchasable","22":"product-type-variable"},"jetpack_sharing_enabled":true,"_links":{"self":[{"href":"https:\/\/www.deporteseli.com\/index.php?rest_route=\/wp\/v2\/product\/43433","targetHints":{"allow":["GET"]}}],"collection":[{"href":"https:\/\/www.deporteseli.com\/index.php?rest_route=\/wp\/v2\/product"}],"about":[{"href":"https:\/\/www.deporteseli.com\/index.php?rest_route=\/wp\/v2\/types\/product"}],"wp:featuredmedia":[{"embeddable":true,"href":"https:\/\/www.deporteseli.com\/index.php?rest_route=\/wp\/v2\/media\/56911"}],"wp:attachment":[{"href":"https:\/\/www.deporteseli.com\/index.php?rest_route=%2Fwp%2Fv2%2Fmedia&parent=43433"}],"wp:term":[{"taxonomy":"product_brand","embeddable":true,"href":"https:\/\/www.deporteseli.com\/index.php?rest_route=%2Fwp%2Fv2%2Fproduct_brand&post=43433"},{"taxonomy":"product_cat","embeddable":true,"href":"https:\/\/www.deporteseli.com\/index.php?rest_route=%2Fwp%2Fv2%2Fproduct_cat&post=43433"},{"taxonomy":"product_tag","embeddable":true,"href":"https:\/\/www.deporteseli.com\/index.php?rest_route=%2Fwp%2Fv2%2Fproduct_tag&post=43433"}],"curies":[{"name":"wp","href":"https:\/\/api.w.org\/{rel}","templated":true}]}}