{"id":43429,"date":"2026-01-27T20:05:37","date_gmt":"2026-01-27T20:05:37","guid":{"rendered":"https:\/\/www.deporteseli.com\/?product=calcetines-adidas-ht3445"},"modified":"2026-01-27T20:05:39","modified_gmt":"2026-01-27T20:05:39","slug":"calcetines-adidas-ht3445","status":"publish","type":"product","link":"https:\/\/www.deporteseli.com\/?product=calcetines-adidas-ht3445","title":{"rendered":"CALCETINES ADIDAS HT3445"},"content":{"rendered":"<p>Completa tu equipaci\u00f3n de entrenamiento con estos calcetines cl\u00e1sicos adidas. Lucen una silueta de media ca\u00f1a pensada para ofrecerte la m\u00e1xima comodidad. Se han confeccionado en un tejido transpirable AEROREADY que mantiene la piel seca y presentan un dise\u00f1o el\u00e1stico que te proporciona una total libertad de movimiento donde la necesitas. Cada paquete incluye tres pares.                                                                                                                                                                                                                                                                                                                                                                                                                                                                                                                                                                                                                                                                                                                                                                                                                                                                                                                                                                                                                                        <\/p>\n","protected":false},"excerpt":{"rendered":"<p>CALCETINES ADIDAS HT3445<\/p>\n","protected":false},"featured_media":56907,"template":"","meta":[],"product_brand":[],"product_cat":[400],"product_tag":[18],"class_list":{"0":"post-43429","1":"product","2":"type-product","3":"status-publish","4":"has-post-thumbnail","6":"product_cat-accesorios_calcetines","7":"product_tag-adidas","8":"pa_color-blanco","9":"pa_talla-m","10":"thunk-woo-product-list","11":"opn-qv-enable","12":"open-woo-hover-","13":"open-single-product-tab-horizontal","14":"open-shadow-","15":"open-shadow-hover-","17":"first","18":"instock","19":"shipping-taxable","20":"purchasable","21":"product-type-variable"},"jetpack_sharing_enabled":true,"_links":{"self":[{"href":"https:\/\/www.deporteseli.com\/index.php?rest_route=\/wp\/v2\/product\/43429","targetHints":{"allow":["GET"]}}],"collection":[{"href":"https:\/\/www.deporteseli.com\/index.php?rest_route=\/wp\/v2\/product"}],"about":[{"href":"https:\/\/www.deporteseli.com\/index.php?rest_route=\/wp\/v2\/types\/product"}],"wp:featuredmedia":[{"embeddable":true,"href":"https:\/\/www.deporteseli.com\/index.php?rest_route=\/wp\/v2\/media\/56907"}],"wp:attachment":[{"href":"https:\/\/www.deporteseli.com\/index.php?rest_route=%2Fwp%2Fv2%2Fmedia&parent=43429"}],"wp:term":[{"taxonomy":"product_brand","embeddable":true,"href":"https:\/\/www.deporteseli.com\/index.php?rest_route=%2Fwp%2Fv2%2Fproduct_brand&post=43429"},{"taxonomy":"product_cat","embeddable":true,"href":"https:\/\/www.deporteseli.com\/index.php?rest_route=%2Fwp%2Fv2%2Fproduct_cat&post=43429"},{"taxonomy":"product_tag","embeddable":true,"href":"https:\/\/www.deporteseli.com\/index.php?rest_route=%2Fwp%2Fv2%2Fproduct_tag&post=43429"}],"curies":[{"name":"wp","href":"https:\/\/api.w.org\/{rel}","templated":true}]}}