{"id":43426,"date":"2026-01-27T20:05:34","date_gmt":"2026-01-27T20:05:34","guid":{"rendered":"https:\/\/www.deporteseli.com\/?product=gorra-primera-equipacion-real-madrid-baseball"},"modified":"2026-01-27T20:05:36","modified_gmt":"2026-01-27T20:05:36","slug":"gorra-primera-equipacion-real-madrid-baseball","status":"publish","type":"product","link":"https:\/\/www.deporteseli.com\/?product=gorra-primera-equipacion-real-madrid-baseball","title":{"rendered":"GORRA PRIMERA EQUIPACI\u00f3N REAL MADRID BASEBALL"},"content":{"rendered":"<p>EL CLUB DE TUS AMORES  Demuestra tu pasi\u00f3n por el Real Madrid con esta cl\u00e1sica gorra de b\u00e9isbol adidas. Su suave tejido de sarga de algod\u00f3n y su visera curvada la convierten en una opci\u00f3n perfecta para los d\u00edas de partido o cualquier otro d\u00eda. El cierre regulable en la nuca te ofrece un ajuste a medida. El escudo cosido en la parte frontal deja bien claro cu\u00e1l es tu equipo de f\u00fatbol favorito.    El algod\u00f3n de este producto procede de Better Cotton. Better Cotton se obtiene a trav\u00e9s de un modelo de cadena de custodia llamado balance de masas. Esto significa que Better Cotton no es f\u00edsicamente rastreable a nivel de productos finales.  Talla \u00fanica  Sarga 100% algod\u00f3n  Visera curvada  Cierre con hebilla ajustable en la nuca  Escudo del Real Madrid cosido  Better Cotton se obtiene a trav\u00e9s de un modelo de cadena de custodia llamado balance de masas, por lo que existe la posibilidad de que este producto no contenga algod\u00f3n Better Cotton  Color del art\u00edculo: Black \/ White  N\u00famero de art\u00edculo: IY0451                                                                                                                                                                                                                                                                                                                                                                                                                                                                                                                                                                                                                                                                                                                                                                                                                                                                                                                                                                                                                                        <\/p>\n","protected":false},"excerpt":{"rendered":"<p>GORRA PRIMERA EQUIPACI\u00f3N REAL MADRID BASEBALL<\/p>\n","protected":false},"featured_media":56904,"template":"","meta":[],"product_brand":[],"product_cat":[399],"product_tag":[18],"class_list":{"0":"post-43426","1":"product","2":"type-product","3":"status-publish","4":"has-post-thumbnail","6":"product_cat-accesorios_gorras","7":"product_tag-adidas","8":"pa_color-negro","9":"pa_talla-m","10":"pa_talla-unica","11":"thunk-woo-product-list","12":"opn-qv-enable","13":"open-woo-hover-","14":"open-single-product-tab-horizontal","15":"open-shadow-","16":"open-shadow-hover-","18":"first","19":"instock","20":"shipping-taxable","21":"purchasable","22":"product-type-variable"},"jetpack_sharing_enabled":true,"_links":{"self":[{"href":"https:\/\/www.deporteseli.com\/index.php?rest_route=\/wp\/v2\/product\/43426","targetHints":{"allow":["GET"]}}],"collection":[{"href":"https:\/\/www.deporteseli.com\/index.php?rest_route=\/wp\/v2\/product"}],"about":[{"href":"https:\/\/www.deporteseli.com\/index.php?rest_route=\/wp\/v2\/types\/product"}],"wp:featuredmedia":[{"embeddable":true,"href":"https:\/\/www.deporteseli.com\/index.php?rest_route=\/wp\/v2\/media\/56904"}],"wp:attachment":[{"href":"https:\/\/www.deporteseli.com\/index.php?rest_route=%2Fwp%2Fv2%2Fmedia&parent=43426"}],"wp:term":[{"taxonomy":"product_brand","embeddable":true,"href":"https:\/\/www.deporteseli.com\/index.php?rest_route=%2Fwp%2Fv2%2Fproduct_brand&post=43426"},{"taxonomy":"product_cat","embeddable":true,"href":"https:\/\/www.deporteseli.com\/index.php?rest_route=%2Fwp%2Fv2%2Fproduct_cat&post=43426"},{"taxonomy":"product_tag","embeddable":true,"href":"https:\/\/www.deporteseli.com\/index.php?rest_route=%2Fwp%2Fv2%2Fproduct_tag&post=43426"}],"curies":[{"name":"wp","href":"https:\/\/api.w.org\/{rel}","templated":true}]}}