{"id":43413,"date":"2026-01-27T20:05:16","date_gmt":"2026-01-27T20:05:16","guid":{"rendered":"https:\/\/www.deporteseli.com\/?product=gorra-ellesse-volka"},"modified":"2026-01-27T20:05:19","modified_gmt":"2026-01-27T20:05:19","slug":"gorra-ellesse-volka","status":"publish","type":"product","link":"https:\/\/www.deporteseli.com\/?product=gorra-ellesse-volka","title":{"rendered":"GORRA ELLESSE VOLKA"},"content":{"rendered":"<p>Gorra Volka. Complementa tu look de golf con esta gorra, que siempre ser\u00e1 un accesorio b\u00e1sico. Es c\u00f3moda, tiene una correa trasera ajustable, ojales y malla para mayor transpirabilidad y est\u00e1 rematada con nuestro logotipo de Ellesse.                                                                                                                                                                                                                                                                                                                                                                                                                                                                                                                                                                                                                                                                                                                                                                                                                                                                                                                                                                                                                                        <\/p>\n","protected":false},"excerpt":{"rendered":"<p>GORRA ELLESSE VOLKA<\/p>\n","protected":false},"featured_media":56891,"template":"","meta":[],"product_brand":[],"product_cat":[399],"product_tag":[52],"class_list":{"0":"post-43413","1":"product","2":"type-product","3":"status-publish","4":"has-post-thumbnail","6":"product_cat-accesorios_gorras","7":"product_tag-ellesse","8":"pa_color-beige","9":"pa_color-negro","10":"pa_talla-unica","11":"thunk-woo-product-list","12":"opn-qv-enable","13":"open-woo-hover-","14":"open-single-product-tab-horizontal","15":"open-shadow-","16":"open-shadow-hover-","18":"first","19":"instock","20":"shipping-taxable","21":"purchasable","22":"product-type-variable"},"jetpack_sharing_enabled":true,"_links":{"self":[{"href":"https:\/\/www.deporteseli.com\/index.php?rest_route=\/wp\/v2\/product\/43413","targetHints":{"allow":["GET"]}}],"collection":[{"href":"https:\/\/www.deporteseli.com\/index.php?rest_route=\/wp\/v2\/product"}],"about":[{"href":"https:\/\/www.deporteseli.com\/index.php?rest_route=\/wp\/v2\/types\/product"}],"wp:featuredmedia":[{"embeddable":true,"href":"https:\/\/www.deporteseli.com\/index.php?rest_route=\/wp\/v2\/media\/56891"}],"wp:attachment":[{"href":"https:\/\/www.deporteseli.com\/index.php?rest_route=%2Fwp%2Fv2%2Fmedia&parent=43413"}],"wp:term":[{"taxonomy":"product_brand","embeddable":true,"href":"https:\/\/www.deporteseli.com\/index.php?rest_route=%2Fwp%2Fv2%2Fproduct_brand&post=43413"},{"taxonomy":"product_cat","embeddable":true,"href":"https:\/\/www.deporteseli.com\/index.php?rest_route=%2Fwp%2Fv2%2Fproduct_cat&post=43413"},{"taxonomy":"product_tag","embeddable":true,"href":"https:\/\/www.deporteseli.com\/index.php?rest_route=%2Fwp%2Fv2%2Fproduct_tag&post=43413"}],"curies":[{"name":"wp","href":"https:\/\/api.w.org\/{rel}","templated":true}]}}