{"id":43404,"date":"2026-01-27T20:05:05","date_gmt":"2026-01-27T20:05:05","guid":{"rendered":"https:\/\/www.deporteseli.com\/?product=zapatilla-vl-court-3-0-skateboarding-ninos"},"modified":"2026-04-18T04:18:33","modified_gmt":"2026-04-18T04:18:33","slug":"zapatilla-vl-court-3-0-skateboarding-ninos","status":"publish","type":"product","link":"https:\/\/www.deporteseli.com\/?product=zapatilla-vl-court-3-0-skateboarding-ninos","title":{"rendered":"ZAPATILLA VL COURT 3.0 SKATEBOARDING (NI\u00f1OS)"},"content":{"rendered":"<p>SU ESTILO, SUS REGLAS  Cl\u00e1sica y deportiva, esta zapatilla inspirada en la est\u00e9tica del skate es perfecta para los peques m\u00e1s activos. El empeine de piel y la puntera de ante suave ofrecen mayor resistencia al desgaste y estilo. La suela de goma le proporciona una excelente tracci\u00f3n en todo tipo de superficies. Los cordones el\u00e1sticos te permiten calzarle y descalzarle f\u00e1cilmente y la correa superior autoadherente garantiza un ajuste seguro.  Horma cl\u00e1sica  Cordones el\u00e1sticos y cierre autoadherente  Empeine de piel  Forro textil  Puntera de ante  Suela de goma  Color del art\u00edculo: Cloud White \/ Core Black \/ Grey One  N\u00famero de art\u00edculo: ID9155                                                                                                                                                                                                                                                                                                                                                                                                                                                                                                                                                                                                                                                                                                                                                                                                                                                                                                                                                                                                                                        <\/p>\n","protected":false},"excerpt":{"rendered":"<p>ZAPATILLA VL COURT 3.0 SKATEBOARDING (NI\u00f1OS)<\/p>\n","protected":false},"featured_media":56886,"template":"","meta":[],"product_brand":[],"product_cat":[310],"product_tag":[18],"class_list":{"0":"post-43404","1":"product","2":"type-product","3":"status-publish","4":"has-post-thumbnail","6":"product_cat-nino_calzado_casual","7":"product_tag-adidas","8":"pa_color-unico","9":"pa_talla-125","10":"pa_talla-127","11":"pa_talla-129","12":"pa_talla-131","13":"pa_talla-133","14":"pa_talla-135","15":"pa_talla-137","16":"pa_talla-139","17":"thunk-woo-product-list","18":"opn-qv-enable","19":"open-woo-hover-","20":"open-single-product-tab-horizontal","21":"open-shadow-","22":"open-shadow-hover-","24":"first","25":"instock","26":"sale","27":"shipping-taxable","28":"purchasable","29":"product-type-variable"},"jetpack_sharing_enabled":true,"_links":{"self":[{"href":"https:\/\/www.deporteseli.com\/index.php?rest_route=\/wp\/v2\/product\/43404","targetHints":{"allow":["GET"]}}],"collection":[{"href":"https:\/\/www.deporteseli.com\/index.php?rest_route=\/wp\/v2\/product"}],"about":[{"href":"https:\/\/www.deporteseli.com\/index.php?rest_route=\/wp\/v2\/types\/product"}],"wp:featuredmedia":[{"embeddable":true,"href":"https:\/\/www.deporteseli.com\/index.php?rest_route=\/wp\/v2\/media\/56886"}],"wp:attachment":[{"href":"https:\/\/www.deporteseli.com\/index.php?rest_route=%2Fwp%2Fv2%2Fmedia&parent=43404"}],"wp:term":[{"taxonomy":"product_brand","embeddable":true,"href":"https:\/\/www.deporteseli.com\/index.php?rest_route=%2Fwp%2Fv2%2Fproduct_brand&post=43404"},{"taxonomy":"product_cat","embeddable":true,"href":"https:\/\/www.deporteseli.com\/index.php?rest_route=%2Fwp%2Fv2%2Fproduct_cat&post=43404"},{"taxonomy":"product_tag","embeddable":true,"href":"https:\/\/www.deporteseli.com\/index.php?rest_route=%2Fwp%2Fv2%2Fproduct_tag&post=43404"}],"curies":[{"name":"wp","href":"https:\/\/api.w.org\/{rel}","templated":true}]}}