{"id":43397,"date":"2026-01-27T20:04:57","date_gmt":"2026-01-27T20:04:57","guid":{"rendered":"https:\/\/www.deporteseli.com\/?product=adidas-botas-copa-gloro-ii"},"modified":"2026-03-05T05:18:31","modified_gmt":"2026-03-05T05:18:31","slug":"adidas-botas-copa-gloro-ii","status":"publish","type":"product","link":"https:\/\/www.deporteseli.com\/?product=adidas-botas-copa-gloro-ii","title":{"rendered":"ADIDAS BOTAS COPA GLORO II"},"content":{"rendered":"<p>Adidas Copa Gloro 2 Short Tongue Multi-Ground  Timeless Estilo Copa redise\u00f1ado para el juego de hoy. Con detalles ic\u00f3nicos inspirados en el Mundial, estas botas de f\u00fatbol adidas garantizan la m\u00e1xima comodidad gracias a la parte superior de cuero. La suela vers\u00e1til te permite jugar en diferentes tipos de superficies.  &#8211; Ajuste regular  &#8211; Cierre de cordones  &#8211; Parte superior de piel de vaca  &#8211; Suela multiterreno  &#8211; Al menos el 20 % del material proviene de fuentes recicladas                                                                                                                                                                                                                                                                                                                                                                                                                                                                                                                                                                                                                                                                                                                                                                                                                                                                                                                                                                                                                                        <\/p>\n","protected":false},"excerpt":{"rendered":"<p>ADIDAS BOTAS COPA GLORO II<\/p>\n","protected":false},"featured_media":56880,"template":"","meta":[],"product_brand":[],"product_cat":[318],"product_tag":[18],"class_list":{"0":"post-43397","1":"product","2":"type-product","3":"status-publish","4":"has-post-thumbnail","6":"product_cat-deportes_futbol_botas","7":"product_tag-adidas","8":"pa_color-unico","9":"pa_talla-42-5","10":"pa_talla-45-5","11":"pa_talla-161","12":"pa_talla-163","13":"thunk-woo-product-list","14":"opn-qv-enable","15":"open-woo-hover-","16":"open-single-product-tab-horizontal","17":"open-shadow-","18":"open-shadow-hover-","20":"first","21":"instock","22":"sale","23":"shipping-taxable","24":"purchasable","25":"product-type-variable"},"jetpack_sharing_enabled":true,"_links":{"self":[{"href":"https:\/\/www.deporteseli.com\/index.php?rest_route=\/wp\/v2\/product\/43397","targetHints":{"allow":["GET"]}}],"collection":[{"href":"https:\/\/www.deporteseli.com\/index.php?rest_route=\/wp\/v2\/product"}],"about":[{"href":"https:\/\/www.deporteseli.com\/index.php?rest_route=\/wp\/v2\/types\/product"}],"wp:featuredmedia":[{"embeddable":true,"href":"https:\/\/www.deporteseli.com\/index.php?rest_route=\/wp\/v2\/media\/56880"}],"wp:attachment":[{"href":"https:\/\/www.deporteseli.com\/index.php?rest_route=%2Fwp%2Fv2%2Fmedia&parent=43397"}],"wp:term":[{"taxonomy":"product_brand","embeddable":true,"href":"https:\/\/www.deporteseli.com\/index.php?rest_route=%2Fwp%2Fv2%2Fproduct_brand&post=43397"},{"taxonomy":"product_cat","embeddable":true,"href":"https:\/\/www.deporteseli.com\/index.php?rest_route=%2Fwp%2Fv2%2Fproduct_cat&post=43397"},{"taxonomy":"product_tag","embeddable":true,"href":"https:\/\/www.deporteseli.com\/index.php?rest_route=%2Fwp%2Fv2%2Fproduct_tag&post=43397"}],"curies":[{"name":"wp","href":"https:\/\/api.w.org\/{rel}","templated":true}]}}