{"id":43389,"date":"2026-01-27T20:04:46","date_gmt":"2026-01-27T20:04:46","guid":{"rendered":"https:\/\/www.deporteseli.com\/?product=sudadera-adidas-2"},"modified":"2026-03-07T06:06:48","modified_gmt":"2026-03-07T06:06:48","slug":"sudadera-adidas-2","status":"publish","type":"product","link":"https:\/\/www.deporteseli.com\/?product=sudadera-adidas-2","title":{"rendered":"SUDADERA ADIDAS"},"content":{"rendered":"<p>Por tu equipo. Por tu planeta. Creada para los equipos de f\u00fatbol amateur, la colecci\u00f3n Entrada 22 te ofrece todo lo que necesitas para mejorar tu juego. Esta sudadera con capucha adidas se ha confeccionado en un tejido de felpa suave, c\u00f3modo y c\u00e1lido. Ponte la capucha y mete las manos en su bolsillo canguro para no pasar fr\u00edo en los momentos de descanso del entrenamiento.    Las sudaderas deportivas para hombre son hoy en d\u00eda una de las prendas m\u00e1s \u00fatiles y pr\u00e1cticas para el deporte o para la rutina diaria. Marcas como Adidas, Nike o Champion son garant\u00eda de calidad y en Central Sport queremos asegurarnos de que solo escoges la mejor entre mejores                                                                                                                                                                                                                                                                                                                                                                                                                                                                                                                                                                                                                                                                                                                                                                                                                                                                                                                                                                                                                                        <\/p>\n","protected":false},"excerpt":{"rendered":"<p>SUDADERA ADIDAS<\/p>\n","protected":false},"featured_media":56875,"template":"","meta":[],"product_brand":[],"product_cat":[253],"product_tag":[18],"class_list":{"0":"post-43389","1":"product","2":"type-product","3":"status-publish","4":"has-post-thumbnail","6":"product_cat-hombre_textil_sudaderas","7":"product_tag-adidas","8":"pa_color-unico","9":"pa_talla-xl","10":"thunk-woo-product-list","11":"opn-qv-enable","12":"open-woo-hover-","13":"open-single-product-tab-horizontal","14":"open-shadow-","15":"open-shadow-hover-","17":"first","18":"instock","19":"shipping-taxable","20":"purchasable","21":"product-type-variable"},"jetpack_sharing_enabled":true,"_links":{"self":[{"href":"https:\/\/www.deporteseli.com\/index.php?rest_route=\/wp\/v2\/product\/43389","targetHints":{"allow":["GET"]}}],"collection":[{"href":"https:\/\/www.deporteseli.com\/index.php?rest_route=\/wp\/v2\/product"}],"about":[{"href":"https:\/\/www.deporteseli.com\/index.php?rest_route=\/wp\/v2\/types\/product"}],"wp:featuredmedia":[{"embeddable":true,"href":"https:\/\/www.deporteseli.com\/index.php?rest_route=\/wp\/v2\/media\/56875"}],"wp:attachment":[{"href":"https:\/\/www.deporteseli.com\/index.php?rest_route=%2Fwp%2Fv2%2Fmedia&parent=43389"}],"wp:term":[{"taxonomy":"product_brand","embeddable":true,"href":"https:\/\/www.deporteseli.com\/index.php?rest_route=%2Fwp%2Fv2%2Fproduct_brand&post=43389"},{"taxonomy":"product_cat","embeddable":true,"href":"https:\/\/www.deporteseli.com\/index.php?rest_route=%2Fwp%2Fv2%2Fproduct_cat&post=43389"},{"taxonomy":"product_tag","embeddable":true,"href":"https:\/\/www.deporteseli.com\/index.php?rest_route=%2Fwp%2Fv2%2Fproduct_tag&post=43389"}],"curies":[{"name":"wp","href":"https:\/\/api.w.org\/{rel}","templated":true}]}}