{"id":43387,"date":"2026-01-27T20:04:40","date_gmt":"2026-01-27T20:04:40","guid":{"rendered":"https:\/\/www.deporteseli.com\/?product=balon-ucl-club-24-25-league-phase-2"},"modified":"2026-02-16T07:53:13","modified_gmt":"2026-02-16T07:53:13","slug":"balon-ucl-club-24-25-league-phase-2","status":"publish","type":"product","link":"https:\/\/www.deporteseli.com\/?product=balon-ucl-club-24-25-league-phase-2","title":{"rendered":"BAL\u00f3N UCL CLUB 24\/25 LEAGUE PHASE"},"content":{"rendered":"<p>INSP\u00cdRATE EN LOS MEJORES DE EUROPA  Ha nacido una estrella. Creado para jugar partidillos y perfeccionar tus habilidades, este bal\u00f3n adidas UCL Club se inspira en el dise\u00f1o cl\u00e1sico del esf\u00e9rico oficial de la UEFA Champions League. Combina una c\u00e1mara de butilo que te garantiza un inflado muy duradero con una resistente superficie cosida a m\u00e1quina que te permite afrontar cualquier reto futbol\u00edstico.  100% TPU (reciclado)  Superficie cosida a m\u00e1quina  C\u00e1mara de butilo  Logotipo estampado de la UEFA Champions League  Es necesario inflarlo  Color del art\u00edculo: White \/ Black \/ Turbo  N\u00famero de art\u00edculo: IX4063                                                                                                                                                                                                                                                                                                                                                                                                                                                                                                                                                                                                                                                                                                                                                                                                                                                                                                                                                                                                                                        <\/p>\n","protected":false},"excerpt":{"rendered":"<p>BAL\u00f3N UCL CLUB 24\/25 LEAGUE PHASE<\/p>\n","protected":false},"featured_media":56872,"template":"","meta":[],"product_brand":[],"product_cat":[347],"product_tag":[18],"class_list":{"0":"post-43387","1":"product","2":"type-product","3":"status-publish","4":"has-post-thumbnail","6":"product_cat-deportes_balones","7":"product_tag-adidas","8":"pa_color-unico","9":"pa_talla-169","10":"thunk-woo-product-list","11":"opn-qv-enable","12":"open-woo-hover-","13":"open-single-product-tab-horizontal","14":"open-shadow-","15":"open-shadow-hover-","17":"first","18":"instock","19":"shipping-taxable","20":"purchasable","21":"product-type-variable"},"jetpack_sharing_enabled":true,"_links":{"self":[{"href":"https:\/\/www.deporteseli.com\/index.php?rest_route=\/wp\/v2\/product\/43387","targetHints":{"allow":["GET"]}}],"collection":[{"href":"https:\/\/www.deporteseli.com\/index.php?rest_route=\/wp\/v2\/product"}],"about":[{"href":"https:\/\/www.deporteseli.com\/index.php?rest_route=\/wp\/v2\/types\/product"}],"wp:featuredmedia":[{"embeddable":true,"href":"https:\/\/www.deporteseli.com\/index.php?rest_route=\/wp\/v2\/media\/56872"}],"wp:attachment":[{"href":"https:\/\/www.deporteseli.com\/index.php?rest_route=%2Fwp%2Fv2%2Fmedia&parent=43387"}],"wp:term":[{"taxonomy":"product_brand","embeddable":true,"href":"https:\/\/www.deporteseli.com\/index.php?rest_route=%2Fwp%2Fv2%2Fproduct_brand&post=43387"},{"taxonomy":"product_cat","embeddable":true,"href":"https:\/\/www.deporteseli.com\/index.php?rest_route=%2Fwp%2Fv2%2Fproduct_cat&post=43387"},{"taxonomy":"product_tag","embeddable":true,"href":"https:\/\/www.deporteseli.com\/index.php?rest_route=%2Fwp%2Fv2%2Fproduct_tag&post=43387"}],"curies":[{"name":"wp","href":"https:\/\/api.w.org\/{rel}","templated":true}]}}