{"id":43379,"date":"2026-01-27T20:04:28","date_gmt":"2026-01-27T20:04:28","guid":{"rendered":"https:\/\/www.deporteseli.com\/?product=chandal-linear-adidas"},"modified":"2026-03-07T06:06:46","modified_gmt":"2026-03-07T06:06:46","slug":"chandal-linear-adidas","status":"publish","type":"product","link":"https:\/\/www.deporteseli.com\/?product=chandal-linear-adidas","title":{"rendered":"CH\u00e1NDAL LINEAR ADIDAS"},"content":{"rendered":"<p>BRILLA CON LUZ PROPIA  Este ch\u00e1ndal de adidas llena de elegancia tu rutina diaria. Se ha confeccionado en un tejido suave de felpa con cuello y pu\u00f1os de canal\u00e9 que te ofrecen un ajuste m\u00e1s c\u00f3modo. P\u00f3ntelo para dar un paseo por el barrio, ir al s\u00faper o relajarte con tus amigos. El logotipo de adidas en la manga es un gui\u00f1o inconfundible a su legado deportivo.    Este producto se ha fabricado con un 100% de material reciclado. Su objetivo es plantear otra soluci\u00f3n m\u00e1s que ayude a eliminar los residuos pl\u00e1sticos.  Corte cl\u00e1sico  Chaqueta: cierre de cremallera y capucha ajustable con cord\u00f3n  100% poli\u00e9ster (reciclado)  Chaqueta: bolsillos en las costuras laterales  Chaqueta: pu\u00f1os y dobladillo de canal\u00e9  Pantal\u00f3n: pu\u00f1os de canal\u00e9  Pantal\u00f3n: bolsillos en las costuras laterales  Pantal\u00f3n: cintura el\u00e1stica con cord\u00f3n  Color del art\u00edculo: Legend Ink  N\u00famero de art\u00edculo: IC3431                                                                                                                                                                                                                                                                                                                                                                                                                                                                                                                                                                                                                                                                                                                                                                                                                                                                                                                                                                                                                                        <\/p>\n","protected":false},"excerpt":{"rendered":"<p>CH\u00e1NDAL LINEAR ADIDAS<\/p>\n","protected":false},"featured_media":56863,"template":"","meta":[],"product_brand":[],"product_cat":[273],"product_tag":[18],"class_list":{"0":"post-43379","1":"product","2":"type-product","3":"status-publish","4":"has-post-thumbnail","6":"product_cat-mujer_textil_chandals","7":"product_tag-adidas","8":"pa_color-unico","9":"pa_talla-s","10":"thunk-woo-product-list","11":"opn-qv-enable","12":"open-woo-hover-","13":"open-single-product-tab-horizontal","14":"open-shadow-","15":"open-shadow-hover-","17":"first","18":"instock","19":"shipping-taxable","20":"purchasable","21":"product-type-variable"},"jetpack_sharing_enabled":true,"_links":{"self":[{"href":"https:\/\/www.deporteseli.com\/index.php?rest_route=\/wp\/v2\/product\/43379","targetHints":{"allow":["GET"]}}],"collection":[{"href":"https:\/\/www.deporteseli.com\/index.php?rest_route=\/wp\/v2\/product"}],"about":[{"href":"https:\/\/www.deporteseli.com\/index.php?rest_route=\/wp\/v2\/types\/product"}],"wp:featuredmedia":[{"embeddable":true,"href":"https:\/\/www.deporteseli.com\/index.php?rest_route=\/wp\/v2\/media\/56863"}],"wp:attachment":[{"href":"https:\/\/www.deporteseli.com\/index.php?rest_route=%2Fwp%2Fv2%2Fmedia&parent=43379"}],"wp:term":[{"taxonomy":"product_brand","embeddable":true,"href":"https:\/\/www.deporteseli.com\/index.php?rest_route=%2Fwp%2Fv2%2Fproduct_brand&post=43379"},{"taxonomy":"product_cat","embeddable":true,"href":"https:\/\/www.deporteseli.com\/index.php?rest_route=%2Fwp%2Fv2%2Fproduct_cat&post=43379"},{"taxonomy":"product_tag","embeddable":true,"href":"https:\/\/www.deporteseli.com\/index.php?rest_route=%2Fwp%2Fv2%2Fproduct_tag&post=43379"}],"curies":[{"name":"wp","href":"https:\/\/api.w.org\/{rel}","templated":true}]}}