{"id":43369,"date":"2026-01-27T20:04:15","date_gmt":"2026-01-27T20:04:15","guid":{"rendered":"https:\/\/www.deporteseli.com\/?product=munequera-nike-2"},"modified":"2026-01-27T20:04:18","modified_gmt":"2026-01-27T20:04:18","slug":"munequera-nike-2","status":"publish","type":"product","link":"https:\/\/www.deporteseli.com\/?product=munequera-nike-2","title":{"rendered":"MU\u00f1EQUERA NIKE"},"content":{"rendered":"<p>Descripci\u00f3n  La pulsera mu\u00f1equera de tenis Pulseras Swoosh es una de las innovaciones de Nike.    El brazalete de tenis Nike es una c\u00f3moda banda el\u00e1stica y ajustada, hecho de suave tejido absorbente para el m\u00e1ximo confort durante el entrenamiento y en el juego.    Ficha de datos  Composici\u00f3n: 74% algod\u00f3n, 21% nylon, 3% goma, 2% spandex  Medidas: 7,62 cm                                                                                                                                                                                                                                                                                                                                                                                                                                                                                                                                                                                                                                                                                                                                                                                                                                                                                                                                                                                                                                        <\/p>\n","protected":false},"excerpt":{"rendered":"<p>MU\u00f1EQUERA NIKE<\/p>\n","protected":false},"featured_media":56856,"template":"","meta":[],"product_brand":[],"product_cat":[242],"product_tag":[37],"class_list":{"0":"post-43369","1":"product","2":"type-product","3":"status-publish","4":"has-post-thumbnail","6":"product_cat-unisex_accesorios","7":"product_tag-nike","8":"pa_color-marino","9":"pa_talla-unica","10":"thunk-woo-product-list","11":"opn-qv-enable","12":"open-woo-hover-","13":"open-single-product-tab-horizontal","14":"open-shadow-","15":"open-shadow-hover-","17":"first","18":"instock","19":"shipping-taxable","20":"purchasable","21":"product-type-variable"},"jetpack_sharing_enabled":true,"_links":{"self":[{"href":"https:\/\/www.deporteseli.com\/index.php?rest_route=\/wp\/v2\/product\/43369","targetHints":{"allow":["GET"]}}],"collection":[{"href":"https:\/\/www.deporteseli.com\/index.php?rest_route=\/wp\/v2\/product"}],"about":[{"href":"https:\/\/www.deporteseli.com\/index.php?rest_route=\/wp\/v2\/types\/product"}],"wp:featuredmedia":[{"embeddable":true,"href":"https:\/\/www.deporteseli.com\/index.php?rest_route=\/wp\/v2\/media\/56856"}],"wp:attachment":[{"href":"https:\/\/www.deporteseli.com\/index.php?rest_route=%2Fwp%2Fv2%2Fmedia&parent=43369"}],"wp:term":[{"taxonomy":"product_brand","embeddable":true,"href":"https:\/\/www.deporteseli.com\/index.php?rest_route=%2Fwp%2Fv2%2Fproduct_brand&post=43369"},{"taxonomy":"product_cat","embeddable":true,"href":"https:\/\/www.deporteseli.com\/index.php?rest_route=%2Fwp%2Fv2%2Fproduct_cat&post=43369"},{"taxonomy":"product_tag","embeddable":true,"href":"https:\/\/www.deporteseli.com\/index.php?rest_route=%2Fwp%2Fv2%2Fproduct_tag&post=43369"}],"curies":[{"name":"wp","href":"https:\/\/api.w.org\/{rel}","templated":true}]}}