{"id":43368,"date":"2026-01-27T20:04:13","date_gmt":"2026-01-27T20:04:13","guid":{"rendered":"https:\/\/www.deporteseli.com\/?product=hinchador-nike-nkj02753"},"modified":"2026-01-27T20:04:13","modified_gmt":"2026-01-27T20:04:13","slug":"hinchador-nike-nkj02753","status":"publish","type":"product","link":"https:\/\/www.deporteseli.com\/?product=hinchador-nike-nkj02753","title":{"rendered":"HINCHADOR NIKE NKJ02753"},"content":{"rendered":"<p>La bomba de bal\u00f3n negra Nike Essential  ultra duradera    no se da\u00f1a ni se deteriora f\u00e1cilmente.    El material es completamente pl\u00e1stico.  Se incluye el m\u00e9todo de trabajo bidireccional.  Tiene una aguja de bola reemplazable.                                                                                                                                                                                                                                                                                                                                                                                                                                                                                                                                                                                                                                                                                                                                                                                                                                                                                                                                                                                                                                        <\/p>\n","protected":false},"excerpt":{"rendered":"<p>HINCHADOR NIKE NKJ02753<\/p>\n","protected":false},"featured_media":56854,"template":"","meta":[],"product_brand":[],"product_cat":[413],"product_tag":[37],"class_list":{"0":"post-43368","1":"product","2":"type-product","3":"status-publish","4":"has-post-thumbnail","6":"product_cat-accesorios_infladores","7":"product_tag-nike","8":"thunk-woo-product-list","9":"opn-qv-enable","10":"open-woo-hover-","11":"open-single-product-tab-horizontal","12":"open-shadow-","13":"open-shadow-hover-","15":"first","16":"instock","17":"shipping-taxable","18":"purchasable","19":"product-type-simple"},"jetpack_sharing_enabled":true,"_links":{"self":[{"href":"https:\/\/www.deporteseli.com\/index.php?rest_route=\/wp\/v2\/product\/43368","targetHints":{"allow":["GET"]}}],"collection":[{"href":"https:\/\/www.deporteseli.com\/index.php?rest_route=\/wp\/v2\/product"}],"about":[{"href":"https:\/\/www.deporteseli.com\/index.php?rest_route=\/wp\/v2\/types\/product"}],"wp:featuredmedia":[{"embeddable":true,"href":"https:\/\/www.deporteseli.com\/index.php?rest_route=\/wp\/v2\/media\/56854"}],"wp:attachment":[{"href":"https:\/\/www.deporteseli.com\/index.php?rest_route=%2Fwp%2Fv2%2Fmedia&parent=43368"}],"wp:term":[{"taxonomy":"product_brand","embeddable":true,"href":"https:\/\/www.deporteseli.com\/index.php?rest_route=%2Fwp%2Fv2%2Fproduct_brand&post=43368"},{"taxonomy":"product_cat","embeddable":true,"href":"https:\/\/www.deporteseli.com\/index.php?rest_route=%2Fwp%2Fv2%2Fproduct_cat&post=43368"},{"taxonomy":"product_tag","embeddable":true,"href":"https:\/\/www.deporteseli.com\/index.php?rest_route=%2Fwp%2Fv2%2Fproduct_tag&post=43368"}],"curies":[{"name":"wp","href":"https:\/\/api.w.org\/{rel}","templated":true}]}}