{"id":43365,"date":"2026-01-27T20:04:09","date_gmt":"2026-01-27T20:04:09","guid":{"rendered":"https:\/\/www.deporteseli.com\/?product=cinta-nike-9194091"},"modified":"2026-01-27T20:04:09","modified_gmt":"2026-01-27T20:04:09","slug":"cinta-nike-9194091","status":"publish","type":"product","link":"https:\/\/www.deporteseli.com\/?product=cinta-nike-9194091","title":{"rendered":"CINTA NIKE 9194091"},"content":{"rendered":"<p>Las cintas de pelo Nike Flex Hair Tie est\u00e1n dise\u00f1adas para sujetar tu pelo durante el ejercicio. Est\u00e1 compuesto de un pack de 6 unidades.    Caracter\u00edsticas  Pack de 6 cintas de pelo  Logotipo frontal  Color negro                                                                                                                                                                                                                                                                                                                                                                                                                                                                                                                                                                                                                                                                                                                                                                                                                                                                                                                                                                                                                                        <\/p>\n","protected":false},"excerpt":{"rendered":"<p>CINTA NIKE 9194091<\/p>\n","protected":false},"featured_media":56849,"template":"","meta":[],"product_brand":[],"product_cat":[242],"product_tag":[37],"class_list":{"0":"post-43365","1":"product","2":"type-product","3":"status-publish","4":"has-post-thumbnail","6":"product_cat-unisex_accesorios","7":"product_tag-nike","8":"thunk-woo-product-list","9":"opn-qv-enable","10":"open-woo-hover-","11":"open-single-product-tab-horizontal","12":"open-shadow-","13":"open-shadow-hover-","15":"first","16":"instock","17":"shipping-taxable","18":"purchasable","19":"product-type-simple"},"jetpack_sharing_enabled":true,"_links":{"self":[{"href":"https:\/\/www.deporteseli.com\/index.php?rest_route=\/wp\/v2\/product\/43365","targetHints":{"allow":["GET"]}}],"collection":[{"href":"https:\/\/www.deporteseli.com\/index.php?rest_route=\/wp\/v2\/product"}],"about":[{"href":"https:\/\/www.deporteseli.com\/index.php?rest_route=\/wp\/v2\/types\/product"}],"wp:featuredmedia":[{"embeddable":true,"href":"https:\/\/www.deporteseli.com\/index.php?rest_route=\/wp\/v2\/media\/56849"}],"wp:attachment":[{"href":"https:\/\/www.deporteseli.com\/index.php?rest_route=%2Fwp%2Fv2%2Fmedia&parent=43365"}],"wp:term":[{"taxonomy":"product_brand","embeddable":true,"href":"https:\/\/www.deporteseli.com\/index.php?rest_route=%2Fwp%2Fv2%2Fproduct_brand&post=43365"},{"taxonomy":"product_cat","embeddable":true,"href":"https:\/\/www.deporteseli.com\/index.php?rest_route=%2Fwp%2Fv2%2Fproduct_cat&post=43365"},{"taxonomy":"product_tag","embeddable":true,"href":"https:\/\/www.deporteseli.com\/index.php?rest_route=%2Fwp%2Fv2%2Fproduct_tag&post=43365"}],"curies":[{"name":"wp","href":"https:\/\/api.w.org\/{rel}","templated":true}]}}