{"id":43356,"date":"2026-01-27T20:03:58","date_gmt":"2026-01-27T20:03:58","guid":{"rendered":"https:\/\/www.deporteseli.com\/?product=balon-nike-4498814-basket"},"modified":"2026-03-31T04:17:43","modified_gmt":"2026-03-31T04:17:43","slug":"balon-nike-4498814-basket","status":"publish","type":"product","link":"https:\/\/www.deporteseli.com\/?product=balon-nike-4498814-basket","title":{"rendered":"BALON NIKE 4498814 BASKET"},"content":{"rendered":"<p>La f\u00f3rmula para la grandeza es trabajo duro, dedicaci\u00f3n y disciplina. Comienza tu viaje con la pelota de baloncesto Nike Everyday Playground 8P, la pelota de baloncesto perfecta para jugar al aire libre.    Goma resistente para soportar los partidos y las sesiones de pr\u00e1ctica m\u00e1s exigentes sobre el asfalto.  Canales profundos para ofrecer una alineaci\u00f3n precisa y un mejor control del bal\u00f3n.  100 % goma                                                                                                                                                                                                                                                                                                                                                                                                                                                                                                                                                                                                                                                                                                                                                                                                                                                                                                                                                                                                                                        <\/p>\n","protected":false},"excerpt":{"rendered":"<p>BALON NIKE 4498814 BASKET<\/p>\n","protected":false},"featured_media":56843,"template":"","meta":[],"product_brand":[],"product_cat":[347],"product_tag":[37],"class_list":{"0":"post-43356","1":"product","2":"type-product","3":"status-publish","4":"has-post-thumbnail","6":"product_cat-deportes_balones","7":"product_tag-nike","8":"pa_color-naranja","9":"pa_talla-169","10":"pa_talla-170","11":"thunk-woo-product-list","12":"opn-qv-enable","13":"open-woo-hover-","14":"open-single-product-tab-horizontal","15":"open-shadow-","16":"open-shadow-hover-","18":"first","19":"instock","20":"shipping-taxable","21":"purchasable","22":"product-type-variable"},"jetpack_sharing_enabled":true,"_links":{"self":[{"href":"https:\/\/www.deporteseli.com\/index.php?rest_route=\/wp\/v2\/product\/43356","targetHints":{"allow":["GET"]}}],"collection":[{"href":"https:\/\/www.deporteseli.com\/index.php?rest_route=\/wp\/v2\/product"}],"about":[{"href":"https:\/\/www.deporteseli.com\/index.php?rest_route=\/wp\/v2\/types\/product"}],"wp:featuredmedia":[{"embeddable":true,"href":"https:\/\/www.deporteseli.com\/index.php?rest_route=\/wp\/v2\/media\/56843"}],"wp:attachment":[{"href":"https:\/\/www.deporteseli.com\/index.php?rest_route=%2Fwp%2Fv2%2Fmedia&parent=43356"}],"wp:term":[{"taxonomy":"product_brand","embeddable":true,"href":"https:\/\/www.deporteseli.com\/index.php?rest_route=%2Fwp%2Fv2%2Fproduct_brand&post=43356"},{"taxonomy":"product_cat","embeddable":true,"href":"https:\/\/www.deporteseli.com\/index.php?rest_route=%2Fwp%2Fv2%2Fproduct_cat&post=43356"},{"taxonomy":"product_tag","embeddable":true,"href":"https:\/\/www.deporteseli.com\/index.php?rest_route=%2Fwp%2Fv2%2Fproduct_tag&post=43356"}],"curies":[{"name":"wp","href":"https:\/\/api.w.org\/{rel}","templated":true}]}}