{"id":43354,"date":"2026-01-27T20:03:55","date_gmt":"2026-01-27T20:03:55","guid":{"rendered":"https:\/\/www.deporteseli.com\/?product=balon-nike-69855-basket"},"modified":"2026-01-27T20:03:57","modified_gmt":"2026-01-27T20:03:57","slug":"balon-nike-69855-basket","status":"publish","type":"product","link":"https:\/\/www.deporteseli.com\/?product=balon-nike-69855-basket","title":{"rendered":"BALON NIKE 69855 BASKET"},"content":{"rendered":"<p>Eleva tus habilidades con esta pelota de baloncesto All Court de Nike. En una combinaci\u00f3n de colores \u00e1mbar, esta pelota lista para la cancha est\u00e1 hecha de una tela de goma duradera y rebotante, con un forro duradero para un vuelo uniforme de la pelota. Presenta una carcasa texturizada para un control con agarre, mientras que los canales c\u00f3ncavos brindan un disparo preciso. Este bal\u00f3n est\u00e1 firmado con la cl\u00e1sica marca Swoosh.                                                                                                                                                                                                                                                                                                                                                                                                                                                                                                                                                                                                                                                                                                                                                                                                                                                                                                                                                                                                                                        <\/p>\n","protected":false},"excerpt":{"rendered":"<p>BALON NIKE 69855 BASKET<\/p>\n","protected":false},"featured_media":56841,"template":"","meta":[],"product_brand":[],"product_cat":[347],"product_tag":[37],"class_list":{"0":"post-43354","1":"product","2":"type-product","3":"status-publish","4":"has-post-thumbnail","6":"product_cat-deportes_balones","7":"product_tag-nike","8":"pa_color-naranja","9":"pa_talla-171","10":"thunk-woo-product-list","11":"opn-qv-enable","12":"open-woo-hover-","13":"open-single-product-tab-horizontal","14":"open-shadow-","15":"open-shadow-hover-","17":"first","18":"instock","19":"shipping-taxable","20":"purchasable","21":"product-type-variable"},"jetpack_sharing_enabled":true,"_links":{"self":[{"href":"https:\/\/www.deporteseli.com\/index.php?rest_route=\/wp\/v2\/product\/43354","targetHints":{"allow":["GET"]}}],"collection":[{"href":"https:\/\/www.deporteseli.com\/index.php?rest_route=\/wp\/v2\/product"}],"about":[{"href":"https:\/\/www.deporteseli.com\/index.php?rest_route=\/wp\/v2\/types\/product"}],"wp:featuredmedia":[{"embeddable":true,"href":"https:\/\/www.deporteseli.com\/index.php?rest_route=\/wp\/v2\/media\/56841"}],"wp:attachment":[{"href":"https:\/\/www.deporteseli.com\/index.php?rest_route=%2Fwp%2Fv2%2Fmedia&parent=43354"}],"wp:term":[{"taxonomy":"product_brand","embeddable":true,"href":"https:\/\/www.deporteseli.com\/index.php?rest_route=%2Fwp%2Fv2%2Fproduct_brand&post=43354"},{"taxonomy":"product_cat","embeddable":true,"href":"https:\/\/www.deporteseli.com\/index.php?rest_route=%2Fwp%2Fv2%2Fproduct_cat&post=43354"},{"taxonomy":"product_tag","embeddable":true,"href":"https:\/\/www.deporteseli.com\/index.php?rest_route=%2Fwp%2Fv2%2Fproduct_tag&post=43354"}],"curies":[{"name":"wp","href":"https:\/\/api.w.org\/{rel}","templated":true}]}}