{"id":43353,"date":"2026-01-27T20:03:54","date_gmt":"2026-01-27T20:03:54","guid":{"rendered":"https:\/\/www.deporteseli.com\/?product=cinta-nike-tiped-headbands-pack-6-unidades"},"modified":"2026-01-27T20:03:54","modified_gmt":"2026-01-27T20:03:54","slug":"cinta-nike-tiped-headbands-pack-6-unidades","status":"publish","type":"product","link":"https:\/\/www.deporteseli.com\/?product=cinta-nike-tiped-headbands-pack-6-unidades","title":{"rendered":"CINTA NIKE TIPED HEADBANDS (PACK 6 UNIDADES)"},"content":{"rendered":"<p>Cintas para el pelo c\u00f3modas y el\u00e1sticas. Las bandas tienen un ajuste c\u00f3modo gracias al revestimiento antideslizante en el interior. Mantienen el cabello fuera de la cara durante las actividades.          FICHA T\u00c9CNICA:  Color: Negro \/ Blanco.  Composici\u00f3n: 54% nylon \/ 19% rubber \/ 17% polyester \/ 10% silicone.  Recomendado para unisex.  CARACTER\u00cdSTICAS:  Seis cintas en combinaci\u00f3n de colores blanco y negro.  Material el\u00e1stico y resistente.  Revestimiento antideslizante en el interior.                                                                                                                                                                                                                                                                                                                                                                                                                                                                                                                                                                                                                                                                                                                                                                                                                                                                                                                                                                                                                                        <\/p>\n","protected":false},"excerpt":{"rendered":"<p>CINTA NIKE TIPED HEADBANDS (PACK 6 UNIDADES)<\/p>\n","protected":false},"featured_media":56840,"template":"","meta":[],"product_brand":[],"product_cat":[242],"product_tag":[37],"class_list":{"0":"post-43353","1":"product","2":"type-product","3":"status-publish","4":"has-post-thumbnail","6":"product_cat-unisex_accesorios","7":"product_tag-nike","8":"thunk-woo-product-list","9":"opn-qv-enable","10":"open-woo-hover-","11":"open-single-product-tab-horizontal","12":"open-shadow-","13":"open-shadow-hover-","15":"first","16":"instock","17":"shipping-taxable","18":"purchasable","19":"product-type-simple"},"jetpack_sharing_enabled":true,"_links":{"self":[{"href":"https:\/\/www.deporteseli.com\/index.php?rest_route=\/wp\/v2\/product\/43353","targetHints":{"allow":["GET"]}}],"collection":[{"href":"https:\/\/www.deporteseli.com\/index.php?rest_route=\/wp\/v2\/product"}],"about":[{"href":"https:\/\/www.deporteseli.com\/index.php?rest_route=\/wp\/v2\/types\/product"}],"wp:featuredmedia":[{"embeddable":true,"href":"https:\/\/www.deporteseli.com\/index.php?rest_route=\/wp\/v2\/media\/56840"}],"wp:attachment":[{"href":"https:\/\/www.deporteseli.com\/index.php?rest_route=%2Fwp%2Fv2%2Fmedia&parent=43353"}],"wp:term":[{"taxonomy":"product_brand","embeddable":true,"href":"https:\/\/www.deporteseli.com\/index.php?rest_route=%2Fwp%2Fv2%2Fproduct_brand&post=43353"},{"taxonomy":"product_cat","embeddable":true,"href":"https:\/\/www.deporteseli.com\/index.php?rest_route=%2Fwp%2Fv2%2Fproduct_cat&post=43353"},{"taxonomy":"product_tag","embeddable":true,"href":"https:\/\/www.deporteseli.com\/index.php?rest_route=%2Fwp%2Fv2%2Fproduct_tag&post=43353"}],"curies":[{"name":"wp","href":"https:\/\/api.w.org\/{rel}","templated":true}]}}