{"id":43343,"date":"2026-01-27T20:03:41","date_gmt":"2026-01-27T20:03:41","guid":{"rendered":"https:\/\/www.deporteseli.com\/?product=bota-de-futbol-predator-league-multisuperfici-3"},"modified":"2026-03-13T05:18:36","modified_gmt":"2026-03-13T05:18:36","slug":"bota-de-futbol-predator-league-multisuperfici-3","status":"publish","type":"product","link":"https:\/\/www.deporteseli.com\/?product=bota-de-futbol-predator-league-multisuperfici-3","title":{"rendered":"BOTA DE F\u00faTBOL PREDATOR LEAGUE MULTISUPERFICI"},"content":{"rendered":"<p>GANAR ES EL TRATO  Cuando tienes la porter\u00eda a tiro, adidas Predator convierte la presi\u00f3n en una precisi\u00f3n milim\u00e9trica. Esta bota de f\u00fatbol para j\u00f3venes promesas presenta un empeine de material sint\u00e9tico texturizado que te ofrece una gran comodidad mientras te lanzas imparable hacia el \u00e1rea contraria. La suela vers\u00e1til te garantiza una estabilidad excepcional en todo tipo de superficies.    Al elegir materiales reciclados, podemos dar nueva vida a materiales que ya se han utilizado, lo que contribuye a reducir los residuos. La utilizaci\u00f3n de materiales renovables nos ayuda a acabar con nuestra dependencia de los recursos finitos. Nuestros productos fabricados con materiales reciclados y renovables contienen al menos un 20% de estos materiales.  Horma cl\u00e1sica  Cierre de cordones  Empeine de material sint\u00e9tico texturizado  Suela multisuperficie  Contiene al menos un 20% de material reciclado y renovable  Color del art\u00edculo: Core Black \/ Carbon \/ Gold Metallic  N\u00famero de art\u00edculo: IF6411                                                                                                                                                                                                                                                                                                                                                                                                                                                                                                                                                                                                                                                                                                                                                                                                                                                                                                                                                                                                                                        <\/p>\n","protected":false},"excerpt":{"rendered":"<p>BOTA DE F\u00faTBOL PREDATOR LEAGUE MULTISUPERFICI<\/p>\n","protected":false},"featured_media":56825,"template":"","meta":[],"product_brand":[],"product_cat":[318],"product_tag":[18],"class_list":{"0":"post-43343","1":"product","2":"type-product","3":"status-publish","4":"has-post-thumbnail","6":"product_cat-deportes_futbol_botas","7":"product_tag-adidas","8":"pa_color-unico","9":"pa_talla-37-5","10":"thunk-woo-product-list","11":"opn-qv-enable","12":"open-woo-hover-","13":"open-single-product-tab-horizontal","14":"open-shadow-","15":"open-shadow-hover-","17":"first","18":"instock","19":"sale","20":"shipping-taxable","21":"purchasable","22":"product-type-variable"},"jetpack_sharing_enabled":true,"_links":{"self":[{"href":"https:\/\/www.deporteseli.com\/index.php?rest_route=\/wp\/v2\/product\/43343","targetHints":{"allow":["GET"]}}],"collection":[{"href":"https:\/\/www.deporteseli.com\/index.php?rest_route=\/wp\/v2\/product"}],"about":[{"href":"https:\/\/www.deporteseli.com\/index.php?rest_route=\/wp\/v2\/types\/product"}],"wp:featuredmedia":[{"embeddable":true,"href":"https:\/\/www.deporteseli.com\/index.php?rest_route=\/wp\/v2\/media\/56825"}],"wp:attachment":[{"href":"https:\/\/www.deporteseli.com\/index.php?rest_route=%2Fwp%2Fv2%2Fmedia&parent=43343"}],"wp:term":[{"taxonomy":"product_brand","embeddable":true,"href":"https:\/\/www.deporteseli.com\/index.php?rest_route=%2Fwp%2Fv2%2Fproduct_brand&post=43343"},{"taxonomy":"product_cat","embeddable":true,"href":"https:\/\/www.deporteseli.com\/index.php?rest_route=%2Fwp%2Fv2%2Fproduct_cat&post=43343"},{"taxonomy":"product_tag","embeddable":true,"href":"https:\/\/www.deporteseli.com\/index.php?rest_route=%2Fwp%2Fv2%2Fproduct_tag&post=43343"}],"curies":[{"name":"wp","href":"https:\/\/api.w.org\/{rel}","templated":true}]}}