{"id":43341,"date":"2026-01-27T20:03:38","date_gmt":"2026-01-27T20:03:38","guid":{"rendered":"https:\/\/www.deporteseli.com\/?product=guantes-adidas-predator-fingersave"},"modified":"2026-01-27T20:03:40","modified_gmt":"2026-01-27T20:03:40","slug":"guantes-adidas-predator-fingersave","status":"publish","type":"product","link":"https:\/\/www.deporteseli.com\/?product=guantes-adidas-predator-fingersave","title":{"rendered":"GUANTES ADIDAS PREDATOR FINGERSAVE"},"content":{"rendered":"<p>Descripci\u00f3n  Guantes Adidas Predator Match Fingersave (IX3878)  100% Aut\u00e9ntico    Domina Tu \u00c1rea Con Los Guantes De Portero Adidas Oficiales De La EURO 2024 Que Te Permitir\u00e1n Mantener El Ritmo Mientras Intentas Ganar Las Competiciones Internacionales M\u00e1s Importantes Del F\u00fatbol Mundial, Presentando El Advancement Pack.    Descubra Una Nueva Faceta De Su Juego. Los Dedos De Estos Guantes De Portero Adidas Predator GL Incluyen Espinas De Apoyo Para Lanzar Y Detener Tiros Con Confianza.    La Palma Soft Grip Pro Aporta Agarre En Los Giros Y Una Amortiguaci\u00f3n C\u00f3moda En Todo Tipo De Clima. La Correa De Mu\u00f1eca Fija Y Envolvente Te Permite Jugar Con Confianza En Los Partidos Y Durante Los Ejercicios De Entrenamiento.    PU\u00d1O VENTILADO:  Cierre Con Abertura En La Mu\u00f1eca Para Una Mayor Libertad De Movimiento Y F\u00e1cil Entrada.    CORTE POSITIVO:  Proporciona Un Ajuste Bueno Y C\u00f3modo Con Una Gran \u00c1rea De Contacto Con La Pelota.    CORREA DE MU\u00d1ECA:  Correa De Mu\u00f1eca De Construcci\u00f3n Liviana.    SOFT GRIP PRO:  Palma De L\u00e1tex Suave Que Ofrece Buen Agarre, Amortiguaci\u00f3n Y Durabilidad En Todas Las Condiciones Clim\u00e1ticas.    SALVA DEDOS NO INTERCAMBIABLES:  Proporciona Un Excelente Soporte Para Atrapar, Sostener Y Lanzar La Pelota.    Color:  Azul\/Rojo\/Blanco                                                                                                                                                                                                                                                                                                                                                                                                                                                                                                                                                                                                                                                                                                                                                                                                                                                                                                                                                                                                                                        <\/p>\n","protected":false},"excerpt":{"rendered":"<p>GUANTES ADIDAS PREDATOR FINGERSAVE<\/p>\n","protected":false},"featured_media":56822,"template":"","meta":[],"product_brand":[],"product_cat":[322],"product_tag":[18],"class_list":{"0":"post-43341","1":"product","2":"type-product","3":"status-publish","4":"has-post-thumbnail","6":"product_cat-deportes_futbol_guantes_portero","7":"product_tag-adidas","8":"pa_color-unico","9":"pa_talla-t-9","10":"thunk-woo-product-list","11":"opn-qv-enable","12":"open-woo-hover-","13":"open-single-product-tab-horizontal","14":"open-shadow-","15":"open-shadow-hover-","17":"first","18":"instock","19":"shipping-taxable","20":"purchasable","21":"product-type-variable"},"jetpack_sharing_enabled":true,"_links":{"self":[{"href":"https:\/\/www.deporteseli.com\/index.php?rest_route=\/wp\/v2\/product\/43341","targetHints":{"allow":["GET"]}}],"collection":[{"href":"https:\/\/www.deporteseli.com\/index.php?rest_route=\/wp\/v2\/product"}],"about":[{"href":"https:\/\/www.deporteseli.com\/index.php?rest_route=\/wp\/v2\/types\/product"}],"wp:featuredmedia":[{"embeddable":true,"href":"https:\/\/www.deporteseli.com\/index.php?rest_route=\/wp\/v2\/media\/56822"}],"wp:attachment":[{"href":"https:\/\/www.deporteseli.com\/index.php?rest_route=%2Fwp%2Fv2%2Fmedia&parent=43341"}],"wp:term":[{"taxonomy":"product_brand","embeddable":true,"href":"https:\/\/www.deporteseli.com\/index.php?rest_route=%2Fwp%2Fv2%2Fproduct_brand&post=43341"},{"taxonomy":"product_cat","embeddable":true,"href":"https:\/\/www.deporteseli.com\/index.php?rest_route=%2Fwp%2Fv2%2Fproduct_cat&post=43341"},{"taxonomy":"product_tag","embeddable":true,"href":"https:\/\/www.deporteseli.com\/index.php?rest_route=%2Fwp%2Fv2%2Fproduct_tag&post=43341"}],"curies":[{"name":"wp","href":"https:\/\/api.w.org\/{rel}","templated":true}]}}