{"id":43338,"date":"2026-01-27T20:03:34","date_gmt":"2026-01-27T20:03:34","guid":{"rendered":"https:\/\/www.deporteseli.com\/?product=guantes-portero-predator-match-fingersave"},"modified":"2026-01-27T20:03:37","modified_gmt":"2026-01-27T20:03:37","slug":"guantes-portero-predator-match-fingersave","status":"publish","type":"product","link":"https:\/\/www.deporteseli.com\/?product=guantes-portero-predator-match-fingersave","title":{"rendered":"GUANTES PORTERO PREDATOR MATCH FINGERSAVE"},"content":{"rendered":"<p>NEUTRALIZA CADA DISPARO A PUERTA  Imp\u00f3n tu dominio bajo los tres palos con estos guantes de portero adidas Predator Match. Pensados para j\u00f3venes promesas del f\u00fatbol, presentan una correa el\u00e1stica que envuelve la mu\u00f1eca con media vuelta ofreci\u00e9ndote un ajuste perfecto y una mayor estabilidad para manejar el bal\u00f3n con comodidad. Las varillas Fingersave refuerzan los dedos y te permiten atrapar el bal\u00f3n con confianza. La palma de l\u00e1tex Soft Grip Pro amortigua los impactos y te garantiza un agarre preciso, adem\u00e1s de proporcionarte una gran durabilidad en todo tipo de condiciones meteorol\u00f3gicas.  Corte negativo hasta la mitad de los dedos  Exterior: 65% poli\u00e9ster reciclado \/ 35% poliuretano  Palma: l\u00e1tex con tecnolog\u00eda Soft Grip Pro  Correa alrededor de la mu\u00f1eca que la envuelve con media vuelta  Varillas Fingersave  Color del art\u00edculo: Lucid Blue \/ Solar Red \/ White  N\u00famero de art\u00edculo: IX3875                                                                                                                                                                                                                                                                                                                                                                                                                                                                                                                                                                                                                                                                                                                                                                                                                                                                                                                                                                                                                                        <\/p>\n","protected":false},"excerpt":{"rendered":"<p>GUANTES PORTERO PREDATOR MATCH FINGERSAVE<\/p>\n","protected":false},"featured_media":56818,"template":"","meta":[],"product_brand":[],"product_cat":[322],"product_tag":[18],"class_list":{"0":"post-43338","1":"product","2":"type-product","3":"status-publish","4":"has-post-thumbnail","6":"product_cat-deportes_futbol_guantes_portero","7":"product_tag-adidas","8":"pa_color-unico","9":"pa_talla-168","10":"pa_talla-169","11":"thunk-woo-product-list","12":"opn-qv-enable","13":"open-woo-hover-","14":"open-single-product-tab-horizontal","15":"open-shadow-","16":"open-shadow-hover-","18":"first","19":"instock","20":"shipping-taxable","21":"purchasable","22":"product-type-variable"},"jetpack_sharing_enabled":true,"_links":{"self":[{"href":"https:\/\/www.deporteseli.com\/index.php?rest_route=\/wp\/v2\/product\/43338","targetHints":{"allow":["GET"]}}],"collection":[{"href":"https:\/\/www.deporteseli.com\/index.php?rest_route=\/wp\/v2\/product"}],"about":[{"href":"https:\/\/www.deporteseli.com\/index.php?rest_route=\/wp\/v2\/types\/product"}],"wp:featuredmedia":[{"embeddable":true,"href":"https:\/\/www.deporteseli.com\/index.php?rest_route=\/wp\/v2\/media\/56818"}],"wp:attachment":[{"href":"https:\/\/www.deporteseli.com\/index.php?rest_route=%2Fwp%2Fv2%2Fmedia&parent=43338"}],"wp:term":[{"taxonomy":"product_brand","embeddable":true,"href":"https:\/\/www.deporteseli.com\/index.php?rest_route=%2Fwp%2Fv2%2Fproduct_brand&post=43338"},{"taxonomy":"product_cat","embeddable":true,"href":"https:\/\/www.deporteseli.com\/index.php?rest_route=%2Fwp%2Fv2%2Fproduct_cat&post=43338"},{"taxonomy":"product_tag","embeddable":true,"href":"https:\/\/www.deporteseli.com\/index.php?rest_route=%2Fwp%2Fv2%2Fproduct_tag&post=43338"}],"curies":[{"name":"wp","href":"https:\/\/api.w.org\/{rel}","templated":true}]}}