{"id":43336,"date":"2026-01-27T20:03:31","date_gmt":"2026-01-27T20:03:31","guid":{"rendered":"https:\/\/www.deporteseli.com\/?product=gel-excite-10-2"},"modified":"2026-01-27T20:03:33","modified_gmt":"2026-01-27T20:03:33","slug":"gel-excite-10-2","status":"publish","type":"product","link":"https:\/\/www.deporteseli.com\/?product=gel-excite-10-2","title":{"rendered":"GEL-EXCITE 10"},"content":{"rendered":"<p>Las zapatillas ASICS GEL-Excite 10 de mujer brindan m\u00e1s comodidad bajo los pies para tu rutina de carrera y fitness. ?Esta zapatilla tambi\u00e9n incluye mayor altura de apilado gracias a la capa de tecnolog\u00eda AMPLIFOAM PLUS en la entresuela, hecha para proporcionar una experiencia con amortiguaci\u00f3n m\u00e1s c\u00f3moda.    Caracter\u00edsticas:  Empeine de malla jacquard t\u00e9cnica: Crea una sensaci\u00f3n m\u00e1s suave alrededor del pie a la vez que mejora la transpirabilidad  Amortiguaci\u00f3n AMPLIFOAM PLUS: Ayuda a mejorar la durabilidad al crear una sensaci\u00f3n de mayor comodidad y suavidad en cada paso  Tecnolog\u00eda GEL en la parte posterior: Mejora la absorci\u00f3n de impactos y crea una sensaci\u00f3n m\u00e1s suave en la pisada  Plantilla ORTHOLITE: Proporciona la comodidad de una pisada suave  Tecnolog\u00eda GUIDANCE LINE: Proporciona una zancada m\u00e1s uniforme  Respetuoso con el veganismo: no hemos usado materiales de origen animal en las fases de dise\u00f1o y selecci\u00f3n de materiales, incluidos los hilos, los pegamentos u otros adhesivos aplicados en el producto      Tecnolog\u00edas:    OrthoLite  Las suelas OrthoLite ofrecen una gran amortiguaci\u00f3n gracias a su dise\u00f1o en tres capas comprimidas que, adem\u00e1s, mejoran el ajuste del pie a la zapatilla. Cuentan con una gran transpiraci\u00f3n gracias a su confecci\u00f3n en poliuretano y gestionan la humedad a la perfecci\u00f3n. Adem\u00e1s, son ligeras y se pueden poner en la lavadora.    Referencia: AS2-1012B418-405                                                                                                                                                                                                                                                                                                                                                                                                                                                                                                                                                                                                                                                                                                                                                                                                                                                                                                                                                                                                                                        <\/p>\n","protected":false},"excerpt":{"rendered":"<p>GEL-EXCITE 10<\/p>\n","protected":false},"featured_media":56813,"template":"","meta":[],"product_brand":[],"product_cat":[285],"product_tag":[19],"class_list":{"0":"post-43336","1":"product","2":"type-product","3":"status-publish","4":"has-post-thumbnail","6":"product_cat-mujer_calzado_running","7":"product_tag-asics","8":"pa_color-unico","9":"pa_talla-41-5","10":"thunk-woo-product-list","11":"opn-qv-enable","12":"open-woo-hover-","13":"open-single-product-tab-horizontal","14":"open-shadow-","15":"open-shadow-hover-","17":"first","18":"instock","19":"sale","20":"shipping-taxable","21":"purchasable","22":"product-type-variable"},"jetpack_sharing_enabled":true,"_links":{"self":[{"href":"https:\/\/www.deporteseli.com\/index.php?rest_route=\/wp\/v2\/product\/43336","targetHints":{"allow":["GET"]}}],"collection":[{"href":"https:\/\/www.deporteseli.com\/index.php?rest_route=\/wp\/v2\/product"}],"about":[{"href":"https:\/\/www.deporteseli.com\/index.php?rest_route=\/wp\/v2\/types\/product"}],"wp:featuredmedia":[{"embeddable":true,"href":"https:\/\/www.deporteseli.com\/index.php?rest_route=\/wp\/v2\/media\/56813"}],"wp:attachment":[{"href":"https:\/\/www.deporteseli.com\/index.php?rest_route=%2Fwp%2Fv2%2Fmedia&parent=43336"}],"wp:term":[{"taxonomy":"product_brand","embeddable":true,"href":"https:\/\/www.deporteseli.com\/index.php?rest_route=%2Fwp%2Fv2%2Fproduct_brand&post=43336"},{"taxonomy":"product_cat","embeddable":true,"href":"https:\/\/www.deporteseli.com\/index.php?rest_route=%2Fwp%2Fv2%2Fproduct_cat&post=43336"},{"taxonomy":"product_tag","embeddable":true,"href":"https:\/\/www.deporteseli.com\/index.php?rest_route=%2Fwp%2Fv2%2Fproduct_tag&post=43336"}],"curies":[{"name":"wp","href":"https:\/\/api.w.org\/{rel}","templated":true}]}}