{"id":43332,"date":"2026-01-27T20:03:26","date_gmt":"2026-01-27T20:03:26","guid":{"rendered":"https:\/\/www.deporteseli.com\/?product=tenis-adidas-id5272"},"modified":"2026-01-27T20:03:30","modified_gmt":"2026-01-27T20:03:30","slug":"tenis-adidas-id5272","status":"publish","type":"product","link":"https:\/\/www.deporteseli.com\/?product=tenis-adidas-id5272","title":{"rendered":"TENIS ADIDAS ID5272"},"content":{"rendered":"<p>Las zapatillas adidas Grand Court 2.0 de beb\u00e9 cuentan con estampados con un estilo dibujado a mano le inspiran en sus aventuras y estimulan su curiosidad. La parte superior de piel sint\u00e9tica ofrece una gran comodidad y sujeci\u00f3n. Las correas autoadherentes hacen que calzarse y descalzarse resulte muy sencillo. La parte superior contiene al menos un 50% de materiales reciclados. Su objetivo es plantear otra soluci\u00f3n m\u00e1s que ayude a acabar con los residuos pl\u00e1sticos.    Caracter\u00edsticas:    Horma cl\u00e1sica  Correas autoadherentes  Parte superior de piel sint\u00e9tica  Forro textil  Suela de goma  La parte superior contiene al menos un 50% de material reciclado                                                                                                                                                                                                                                                                                                                                                                                                                                                                                                                                                                                                                                                                                                                                                                                                                                                                                                                                                                                                                                        <\/p>\n","protected":false},"excerpt":{"rendered":"<p>TENIS ADIDAS ID5272<\/p>\n","protected":false},"featured_media":56809,"template":"","meta":[],"product_brand":[],"product_cat":[310],"product_tag":[18],"class_list":{"0":"post-43332","1":"product","2":"type-product","3":"status-publish","4":"has-post-thumbnail","6":"product_cat-nino_calzado_casual","7":"product_tag-adidas","8":"pa_color-unico","9":"pa_talla-115","10":"pa_talla-117","11":"pa_talla-123","12":"thunk-woo-product-list","13":"opn-qv-enable","14":"open-woo-hover-","15":"open-single-product-tab-horizontal","16":"open-shadow-","17":"open-shadow-hover-","19":"first","20":"instock","21":"sale","22":"shipping-taxable","23":"purchasable","24":"product-type-variable"},"jetpack_sharing_enabled":true,"_links":{"self":[{"href":"https:\/\/www.deporteseli.com\/index.php?rest_route=\/wp\/v2\/product\/43332","targetHints":{"allow":["GET"]}}],"collection":[{"href":"https:\/\/www.deporteseli.com\/index.php?rest_route=\/wp\/v2\/product"}],"about":[{"href":"https:\/\/www.deporteseli.com\/index.php?rest_route=\/wp\/v2\/types\/product"}],"wp:featuredmedia":[{"embeddable":true,"href":"https:\/\/www.deporteseli.com\/index.php?rest_route=\/wp\/v2\/media\/56809"}],"wp:attachment":[{"href":"https:\/\/www.deporteseli.com\/index.php?rest_route=%2Fwp%2Fv2%2Fmedia&parent=43332"}],"wp:term":[{"taxonomy":"product_brand","embeddable":true,"href":"https:\/\/www.deporteseli.com\/index.php?rest_route=%2Fwp%2Fv2%2Fproduct_brand&post=43332"},{"taxonomy":"product_cat","embeddable":true,"href":"https:\/\/www.deporteseli.com\/index.php?rest_route=%2Fwp%2Fv2%2Fproduct_cat&post=43332"},{"taxonomy":"product_tag","embeddable":true,"href":"https:\/\/www.deporteseli.com\/index.php?rest_route=%2Fwp%2Fv2%2Fproduct_tag&post=43332"}],"curies":[{"name":"wp","href":"https:\/\/api.w.org\/{rel}","templated":true}]}}