{"id":43323,"date":"2026-01-27T20:03:16","date_gmt":"2026-01-27T20:03:16","guid":{"rendered":"https:\/\/www.deporteseli.com\/?product=botas-puma-108019"},"modified":"2026-01-27T20:03:21","modified_gmt":"2026-01-27T20:03:21","slug":"botas-puma-108019","status":"publish","type":"product","link":"https:\/\/www.deporteseli.com\/?product=botas-puma-108019","title":{"rendered":"BOTAS PUMA 108019"},"content":{"rendered":"<p>Descripci\u00f3n  Las Botas de F\u00fatbol Puma Future 7 Play Mg Infantil son la elecci\u00f3n perfecta para j\u00f3venes futbolistas que buscan comodidad y rendimiento en el campo.  Gracias a su dise\u00f1o especializado, estas botas cuentan con tacos MG, ideales para varios tipos de terreno.  Los tacos multiterreno ofrecen un agarre excepcional y una tracci\u00f3n similar a los tacos AG, lo que significa que los jugadores pueden correr y cambiar de direcci\u00f3n sin preocupaciones.  Adem\u00e1s, minimizan las molestias en la planta del pie, permitiendo que los ni\u00f1os disfruten del juego sin distracciones.  Estas botas son especialmente adecuadas para campos de c\u00e9sped artificial, brindando un rendimiento \u00f3ptimo en cada partido.  No dudes en elegir las Botas de F\u00fatbol Puma Future 7 Play Mg Infantil y llevar el juego de tu peque\u00f1o al siguiente nivel.  Son la combinaci\u00f3n perfecta de estilo y funcionalidad para los j\u00f3venes apasionados del f\u00fatbol.    Caracter\u00edsticas  Botas de F\u00fatbol  Los tacos MG son los denominados multiterreno.  Tienen un agarre ideal y una tracci\u00f3n similar a la AG, por lo que minimizan las molestias ocasionadas por los tacos en la planta del pie.  Son los tacos perfectos para los campos de c\u00e9sped artificial en general.                                                                                                                                                                                                                                                                                                                                                                                                                                                                                                                                                                                                                                                                                                                                                                                                                                                                                                                                                                                                                                        <\/p>\n","protected":false},"excerpt":{"rendered":"<p>BOTAS PUMA 108019<\/p>\n","protected":false},"featured_media":56801,"template":"","meta":[],"product_brand":[],"product_cat":[318],"product_tag":[32],"class_list":{"0":"post-43323","1":"product","2":"type-product","3":"status-publish","4":"has-post-thumbnail","6":"product_cat-deportes_futbol_botas","7":"product_tag-puma","8":"pa_color-unico","9":"pa_talla-127","10":"pa_talla-131","11":"pa_talla-135","12":"pa_talla-145","13":"thunk-woo-product-list","14":"opn-qv-enable","15":"open-woo-hover-","16":"open-single-product-tab-horizontal","17":"open-shadow-","18":"open-shadow-hover-","20":"first","21":"instock","22":"sale","23":"shipping-taxable","24":"purchasable","25":"product-type-variable"},"jetpack_sharing_enabled":true,"_links":{"self":[{"href":"https:\/\/www.deporteseli.com\/index.php?rest_route=\/wp\/v2\/product\/43323","targetHints":{"allow":["GET"]}}],"collection":[{"href":"https:\/\/www.deporteseli.com\/index.php?rest_route=\/wp\/v2\/product"}],"about":[{"href":"https:\/\/www.deporteseli.com\/index.php?rest_route=\/wp\/v2\/types\/product"}],"wp:featuredmedia":[{"embeddable":true,"href":"https:\/\/www.deporteseli.com\/index.php?rest_route=\/wp\/v2\/media\/56801"}],"wp:attachment":[{"href":"https:\/\/www.deporteseli.com\/index.php?rest_route=%2Fwp%2Fv2%2Fmedia&parent=43323"}],"wp:term":[{"taxonomy":"product_brand","embeddable":true,"href":"https:\/\/www.deporteseli.com\/index.php?rest_route=%2Fwp%2Fv2%2Fproduct_brand&post=43323"},{"taxonomy":"product_cat","embeddable":true,"href":"https:\/\/www.deporteseli.com\/index.php?rest_route=%2Fwp%2Fv2%2Fproduct_cat&post=43323"},{"taxonomy":"product_tag","embeddable":true,"href":"https:\/\/www.deporteseli.com\/index.php?rest_route=%2Fwp%2Fv2%2Fproduct_tag&post=43323"}],"curies":[{"name":"wp","href":"https:\/\/api.w.org\/{rel}","templated":true}]}}