{"id":43319,"date":"2026-01-27T20:03:11","date_gmt":"2026-01-27T20:03:11","guid":{"rendered":"https:\/\/www.deporteseli.com\/?product=botas-puma-107941"},"modified":"2026-01-27T20:03:15","modified_gmt":"2026-01-27T20:03:15","slug":"botas-puma-107941","status":"publish","type":"product","link":"https:\/\/www.deporteseli.com\/?product=botas-puma-107941","title":{"rendered":"BOTAS PUMA 107941"},"content":{"rendered":"<p>Descripci\u00f3n  Las Botas de F\u00fatbol Puma Future 7 Play Mg son ideales para jugadores que buscan un alto rendimiento en el campo.  Dise\u00f1adas con una suela ligera de TPU, estas botas ofrecen excelente reactividad en cada pisada, lo que permite movimientos r\u00e1pidos y seguros.  Sus tacos c\u00f3nicos de tama\u00f1o reducido brindan una tracci\u00f3n \u00f3ptima en c\u00e9sped artificial, garantizando estabilidad en cada jugada.  El empeine est\u00e1 fabricado en poliuretano resistente, lo que asegura durabilidad y protecci\u00f3n contra la abrasi\u00f3n.  Adem\u00e1s, la parte superior cuenta con micro rugosidades que mejoran el agarre con el bal\u00f3n, permitiendo un control m\u00e1s preciso.  Con las Botas de F\u00fatbol Puma Future 7 Play Mg, cada jugador puede disfrutar de su pasi\u00f3n en el campo con la confianza necesaria para destacar.    Caracter\u00edsticas  Botas de f\u00fatbol  Suela ligera de TPU que proporciona una gran reactividad en cada pisada  Tacos c\u00f3nicos de tama\u00f1o reducido que ofrecen una buena tracci\u00f3n en c\u00e9sped artificial  Empeine fabricado en material muy resistente de poliuretano que garantiza una gran resistencia a la rotura por abrasi\u00f3n  Parte superior con micro rugosidades que ofrecen un extra de grip con el bal\u00f3n                                                                                                                                                                                                                                                                                                                                                                                                                                                                                                                                                                                                                                                                                                                                                                                                                                                                                                                                                                                                                                        <\/p>\n","protected":false},"excerpt":{"rendered":"<p>BOTAS PUMA 107941<\/p>\n","protected":false},"featured_media":56798,"template":"","meta":[],"product_brand":[],"product_cat":[318],"product_tag":[32],"class_list":{"0":"post-43319","1":"product","2":"type-product","3":"status-publish","4":"has-post-thumbnail","6":"product_cat-deportes_futbol_botas","7":"product_tag-puma","8":"pa_color-unico","9":"pa_talla-40-5","10":"pa_talla-153","11":"pa_talla-44-5","12":"thunk-woo-product-list","13":"opn-qv-enable","14":"open-woo-hover-","15":"open-single-product-tab-horizontal","16":"open-shadow-","17":"open-shadow-hover-","19":"first","20":"instock","21":"sale","22":"shipping-taxable","23":"purchasable","24":"product-type-variable"},"jetpack_sharing_enabled":true,"_links":{"self":[{"href":"https:\/\/www.deporteseli.com\/index.php?rest_route=\/wp\/v2\/product\/43319","targetHints":{"allow":["GET"]}}],"collection":[{"href":"https:\/\/www.deporteseli.com\/index.php?rest_route=\/wp\/v2\/product"}],"about":[{"href":"https:\/\/www.deporteseli.com\/index.php?rest_route=\/wp\/v2\/types\/product"}],"wp:featuredmedia":[{"embeddable":true,"href":"https:\/\/www.deporteseli.com\/index.php?rest_route=\/wp\/v2\/media\/56798"}],"wp:attachment":[{"href":"https:\/\/www.deporteseli.com\/index.php?rest_route=%2Fwp%2Fv2%2Fmedia&parent=43319"}],"wp:term":[{"taxonomy":"product_brand","embeddable":true,"href":"https:\/\/www.deporteseli.com\/index.php?rest_route=%2Fwp%2Fv2%2Fproduct_brand&post=43319"},{"taxonomy":"product_cat","embeddable":true,"href":"https:\/\/www.deporteseli.com\/index.php?rest_route=%2Fwp%2Fv2%2Fproduct_cat&post=43319"},{"taxonomy":"product_tag","embeddable":true,"href":"https:\/\/www.deporteseli.com\/index.php?rest_route=%2Fwp%2Fv2%2Fproduct_tag&post=43319"}],"curies":[{"name":"wp","href":"https:\/\/api.w.org\/{rel}","templated":true}]}}