{"id":43313,"date":"2026-01-27T20:03:03","date_gmt":"2026-01-27T20:03:03","guid":{"rendered":"https:\/\/www.deporteseli.com\/?product=balon-puma-084344-sala"},"modified":"2026-01-27T20:03:06","modified_gmt":"2026-01-27T20:03:06","slug":"balon-puma-084344-sala","status":"publish","type":"product","link":"https:\/\/www.deporteseli.com\/?product=balon-puma-084344-sala","title":{"rendered":"BALON PUMA 084344 SALA"},"content":{"rendered":"<p>Alcanza el \u00e9xito con el bal\u00f3n Futsal 3 MS. Como parte de la l\u00ednea de equipos deportivos de alta gama, este bal\u00f3n de interior con 32 paneles garantiza m\u00e1ximo disfrute en el campo.                                                                                                                                                                                                                                                                                                                                                                                                                                                                                                                                                                                                                                                                                                                                                                                                                                                                                                                                                                                                                                        <\/p>\n","protected":false},"excerpt":{"rendered":"<p>BALON PUMA 084344 SALA<\/p>\n","protected":false},"featured_media":56793,"template":"","meta":[],"product_brand":[],"product_cat":[347],"product_tag":[32],"class_list":{"0":"post-43313","1":"product","2":"type-product","3":"status-publish","4":"has-post-thumbnail","6":"product_cat-deportes_balones","7":"product_tag-puma","8":"pa_color-blanco","9":"pa_color-unico","10":"pa_talla-168","11":"thunk-woo-product-list","12":"opn-qv-enable","13":"open-woo-hover-","14":"open-single-product-tab-horizontal","15":"open-shadow-","16":"open-shadow-hover-","18":"first","19":"instock","20":"shipping-taxable","21":"purchasable","22":"product-type-variable"},"jetpack_sharing_enabled":true,"_links":{"self":[{"href":"https:\/\/www.deporteseli.com\/index.php?rest_route=\/wp\/v2\/product\/43313","targetHints":{"allow":["GET"]}}],"collection":[{"href":"https:\/\/www.deporteseli.com\/index.php?rest_route=\/wp\/v2\/product"}],"about":[{"href":"https:\/\/www.deporteseli.com\/index.php?rest_route=\/wp\/v2\/types\/product"}],"wp:featuredmedia":[{"embeddable":true,"href":"https:\/\/www.deporteseli.com\/index.php?rest_route=\/wp\/v2\/media\/56793"}],"wp:attachment":[{"href":"https:\/\/www.deporteseli.com\/index.php?rest_route=%2Fwp%2Fv2%2Fmedia&parent=43313"}],"wp:term":[{"taxonomy":"product_brand","embeddable":true,"href":"https:\/\/www.deporteseli.com\/index.php?rest_route=%2Fwp%2Fv2%2Fproduct_brand&post=43313"},{"taxonomy":"product_cat","embeddable":true,"href":"https:\/\/www.deporteseli.com\/index.php?rest_route=%2Fwp%2Fv2%2Fproduct_cat&post=43313"},{"taxonomy":"product_tag","embeddable":true,"href":"https:\/\/www.deporteseli.com\/index.php?rest_route=%2Fwp%2Fv2%2Fproduct_tag&post=43313"}],"curies":[{"name":"wp","href":"https:\/\/api.w.org\/{rel}","templated":true}]}}